{"id":11139,"date":"2023-03-18T17:06:06","date_gmt":"2023-03-18T15:06:06","guid":{"rendered":"http:\/\/eadmitere.ro\/politie\/?page_id=11139"},"modified":"2023-04-11T01:33:27","modified_gmt":"2023-04-10T22:33:27","slug":"termeni-si-conditii-de-utilizare-si-licentiere","status":"publish","type":"page","link":"https:\/\/eadmitere.ro\/politie\/termeni-si-conditii-de-utilizare-si-licentiere\/","title":{"rendered":"Termeni \u0219i condi\u021bii de utilizare \u0219i licen\u021biere"},"content":{"rendered":"\t\t<div data-elementor-type=\"wp-page\" data-elementor-id=\"11139\" class=\"elementor elementor-11139\" data-elementor-post-type=\"page\">\n\t\t\t\t\t\t<section class=\"elementor-section elementor-top-section elementor-element elementor-element-6713dcf elementor-section-full_width animated-slow elementor-section-height-default elementor-section-height-default elementor-invisible\" data-id=\"6713dcf\" data-element_type=\"section\" data-e-type=\"section\" data-settings=\"{&quot;animation&quot;:&quot;fadeIn&quot;}\">\n\t\t\t\t\t\t<div class=\"elementor-container elementor-column-gap-no\">\n\t\t\t\t\t<div class=\"elementor-column elementor-col-100 elementor-top-column elementor-element elementor-element-cdec57d\" data-id=\"cdec57d\" data-element_type=\"column\" data-e-type=\"column\">\n\t\t\t<div class=\"elementor-widget-wrap elementor-element-populated\">\n\t\t\t\t\t\t<div class=\"elementor-element elementor-element-e793bb5 elementor-widget elementor-widget-heading\" data-id=\"e793bb5\" data-element_type=\"widget\" data-e-type=\"widget\" data-widget_type=\"heading.default\">\n\t\t\t\t<div class=\"elementor-widget-container\">\n\t\t\t\t\t<h1 class=\"elementor-heading-title elementor-size-default\">Termeni \u0219i condi\u021bii de utilizare \u0219i licen\u021biere<\/h1>\t\t\t\t<\/div>\n\t\t\t\t<\/div>\n\t\t\t\t<div class=\"elementor-element elementor-element-8db9027 elementor-widget elementor-widget-text-editor\" data-id=\"8db9027\" data-element_type=\"widget\" data-e-type=\"widget\" data-widget_type=\"text-editor.default\">\n\t\t\t\t<div class=\"elementor-widget-container\">\n\t\t\t\t\t\t\t\t\t<p style=\"text-align: right;\">Ultima actualizare: 11.04.2023<\/p><p>V\u0103 rug\u0103m s\u0103 citi\u021bi cu aten\u021bie ace\u0219ti <strong>Termeni \u0219i condi\u021bii de utilizare \u0219i licen\u021biere<\/strong> \u00eenainte de a face clic pe butonul \u201eSunt de acord\u201d, de a desc\u0103rca, instala sau utiliza eAdmitere.ro<\/p><p><strong>Sistemul de licen\u021biere. <\/strong>Programul este furnizat sub forma unui con\u021binut digital online (a\u0219a cum este definit de legisla\u021bia european\u0103) ce va fi accesat la o adres\u0103 indicat\u0103. Pentru a func\u021biona, software-ul furnizat de DEFB Business SRL, necesit\u0103 o cheie de licen\u021b\u0103 electronic\u0103. Cheia de licen\u021b\u0103 va colecta, \u00een timpul \u00eenregistr\u0103rii, ID-ul utilizatorului \u0219i datele asociate pentru a p\u0103stra \u00eenregistr\u0103ri ale loca\u021biei licen\u021bei.<\/p><p>Utilizarea aplica\u021biei se poate face \u00een limitele impuse de licen\u021ba de utilizare. Acesta este motivul pentru care vi se solicit\u0103 s\u0103 v\u0103 \u00eenregistra\u021bi ca utilizator pentru a putea dob\u00e2ndi o licen\u021b\u0103, fie ea \u0219i gratuit\u0103.<\/p><p>Pe un sistem de calcul, aplica\u021bia poate avea o singur\u0103 instalare activ\u0103. Tentativele de utilizare multipl\u0103 pot fi detectate \u0219i constituie o \u00eenc\u0103lcare a condi\u021biilor de licen\u021biere.<\/p><p><strong>Num\u0103rul de utilizatori. <\/strong>Num\u0103rul de utilizatori se refer\u0103 la num\u0103rul de utilizatori concuren\u021bi. Adic\u0103 num\u0103rul de utilizatori care se pot autentifica simultan \u00een aplica\u021bie folosind acela\u0219i cont de utilizator. eAdmitere.ro permite o singur\u0103 instan\u021b\u0103 activ\u0103\/cont de utilizator.<\/p><p><strong>Actualiz\u0103rile de securitate \u0219i func\u021bionalitate. <\/strong>Actualiz\u0103rile de securitate \u0219i func\u021bionalitate se refer\u0103 la modific\u0103rile pe care le aducem aplica\u021biei ori de c\u00e2te ori constat\u0103m c\u0103 acestea se impun. De asemenea, noile facilit\u0103\u021bi se vor reg\u0103si \u00een actualiz\u0103ri.<\/p><p>Actualiz\u0103rile sunt f\u0103cute automat. Dumneavoastr\u0103 nu trebuie s\u0103 face\u021bi nimic.<\/p><p><strong>Durata licen\u021bierii. <\/strong>Durata licen\u021bierii se refer\u0103 la intervalul temporar definit de momentul activ\u0103rii licen\u021bei, respectiv momentul expir\u0103rii acesteia. Practic, este perioada \u00een care licen\u021ba achizi\u021bionat\u0103 este valid\u0103.<\/p><p>\u00cen momentul \u00een care <strong>licen\u021ba expir\u0103<\/strong>, utilizatorul nu mai poate accesa o parte din facilit\u0103\u021bile oferite de aplica\u021bie. Prelungirea licen\u021bei se face prin achizi\u021bionarea unei licen\u021be noi.<\/p><p><strong>Dreptul de proprietate. <\/strong>Achizi\u021bionarea unei licen\u021be nu presupune transferul dreptului de proprietate asupra pachetului software care compune aplica\u021bia. Dreptul de proprietate apar\u021bine exclusiv DEFB Business SRL.<\/p><p>\u00cen interpretarea extins\u0103 a no\u021biunii, este <strong>strict interzis\u0103<\/strong> orice interven\u021bie, indiferent de natura sa, asupra aplica\u021biei sau condi\u021biilor de rulare implicite. Orice abatere de la condi\u021biile licen\u021bierii se supune rigorilor impuse de Codul civil \/ penal \u00een vigoare.<\/p><p><strong>Drepturi de utilizare. Transferul dreptului de utilizare. <\/strong>Prin achizi\u021bionarea unei licen\u021be dob\u00e2ndi\u021bi drepturile de operare ale aplica\u021biei \u00een limitele impuse de licen\u021b\u0103.<\/p><p>Transferul dreptului de utilizare poate fi f\u0103cut numai cu acordul scris al DEFB Business SRL \u0219i \u00een perioada de valabilitate a licen\u021bei achizi\u021bionate. Orice transfer al dreptului de utilizare presupune ob\u021binerea unei noi chei de licen\u021biere.<\/p><p><strong>Discount-uri \u0219i aplicarea lor. <\/strong>Pute\u021bi folosi un cupon activ la momentul achizi\u021biei \u00eempreun\u0103 cu discount-ul oferit de codul de acestuia. Reducerile se aplic\u0103 o singur\u0103 dat\u0103 la valoarea rezultat\u0103. Nu pot fi utilizate mai multe coduri de recomandare.<\/p><p>\u00cen plus, putem oferi un bonus de \u0219apte zile pentru recenzii \u00een mediul online. Acordarea bonusului se poate face numai \u00een perioada de valabilitate a licen\u021bei \u0219i numai \u00een urma aprob\u0103rii acestuia.<\/p><p><strong>Plata \u0219i activarea licen\u021bei. <\/strong>\u00cen timpul plas\u0103rii comenzii, trebuie s\u0103 efectua\u021bi plata prin intermediul unui procesator de pl\u0103\u021bi online. Odat\u0103 plata efectuat\u0103 \u0219i acceptat\u0103, activarea licen\u021bei se face automat.<\/p><p><strong>Complet\u0103ri. <\/strong>Prezentul Acord se completeaz\u0103 \u00een mod corespunz\u0103tor cu prevederile:<\/p><ul><li><a href=\"https:\/\/eadmitere.ro\/politie\/acord-de-licenta-pentru-utilizatorul-final\/\">EULA &#8211; <span class=\"tooltip\">Acord de licen\u021b\u0103 pentru utilizatorul final<\/span><\/a><\/li><li><a href=\"https:\/\/eadmitere.ro\/politie\/politica-de-confidentialitate\/\"><span class=\"tooltip\">Politica de confiden\u021bialitate<\/span><\/a><\/li><\/ul><p><strong>Contacteaz\u0103-ne. <\/strong>Dac\u0103 ave\u021bi \u00eentreb\u0103ri despre acest acord, ne pute\u021bi contacta:<\/p><ul><li>Vizit\u00e2nd aceast\u0103 pagin\u0103 de pe site-ul nostru web: <a href=\"https:\/\/eadmitere.ro\/politie\/contact\/\"><span class=\"tooltip\">eAdmitere.ro<\/span><\/a><\/li><li>Trimi\u021b\u00e2ndu-ne un e-mail la adresa: info [at] eadmitere.ro<\/li><\/ul>\t\t\t\t\t\t\t\t<\/div>\n\t\t\t\t<\/div>\n\t\t\t\t\t<\/div>\n\t\t<\/div>\n\t\t\t\t\t<\/div>\n\t\t<\/section>\n\t\t\t\t<\/div>\n\t\t","protected":false},"excerpt":{"rendered":"<p>Termeni \u0219i condi\u021bii de utilizare \u0219i licen\u021biere Ultima actualizare: {{ post.modified_date|date(&#8220;d.m.Y&#8221;)}} V\u0103 rug\u0103m s\u0103 citi\u021bi cu aten\u021bie ace\u0219ti Termeni \u0219i condi\u021bii de utilizare \u0219i licen\u021biere \u00eenainte de a face clic pe butonul \u201eSunt de acord\u201d, de a desc\u0103rca, instala sau utiliza eAdmitere.ro Sistemul de licen\u021biere. Programul este furnizat sub forma unui con\u021binut digital online (a\u0219a [&hellip;]<\/p>\n","protected":false},"author":1,"featured_media":0,"parent":0,"menu_order":0,"comment_status":"closed","ping_status":"closed","template":"","meta":{"_seopress_robots_primary_cat":"","_seopress_titles_title":"","_seopress_titles_desc":"","_seopress_robots_index":"","inline_featured_image":false,"footnotes":""},"class_list":["post-11139","page","type-page","status-publish","hentry"],"_links":{"self":[{"href":"https:\/\/eadmitere.ro\/politie\/wp-json\/wp\/v2\/pages\/11139","targetHints":{"allow":["GET"]}}],"collection":[{"href":"https:\/\/eadmitere.ro\/politie\/wp-json\/wp\/v2\/pages"}],"about":[{"href":"https:\/\/eadmitere.ro\/politie\/wp-json\/wp\/v2\/types\/page"}],"author":[{"embeddable":true,"href":"https:\/\/eadmitere.ro\/politie\/wp-json\/wp\/v2\/users\/1"}],"replies":[{"embeddable":true,"href":"https:\/\/eadmitere.ro\/politie\/wp-json\/wp\/v2\/comments?post=11139"}],"version-history":[{"count":0,"href":"https:\/\/eadmitere.ro\/politie\/wp-json\/wp\/v2\/pages\/11139\/revisions"}],"wp:attachment":[{"href":"https:\/\/eadmitere.ro\/politie\/wp-json\/wp\/v2\/media?parent=11139"}],"curies":[{"name":"wp","href":"https:\/\/api.w.org\/{rel}","templated":true}]}}