{"id":13417,"date":"2023-05-07T21:56:50","date_gmt":"2023-05-07T18:56:50","guid":{"rendered":"https:\/\/eadmitere.ro\/politie\/?page_id=13417"},"modified":"2023-06-30T18:47:07","modified_gmt":"2023-06-30T15:47:07","slug":"sitemap","status":"publish","type":"page","link":"https:\/\/eadmitere.ro\/politie\/sitemap\/","title":{"rendered":"Sitemap"},"content":{"rendered":"\t\t<div data-elementor-type=\"wp-page\" data-elementor-id=\"13417\" class=\"elementor elementor-13417\" data-elementor-post-type=\"page\">\n\t\t\t\t\t\t<section class=\"elementor-section elementor-top-section elementor-element elementor-element-fa8a7bf elementor-section-full_width animated-slow elementor-section-height-default elementor-section-height-default elementor-invisible\" data-id=\"fa8a7bf\" data-element_type=\"section\" data-e-type=\"section\" data-settings=\"{&quot;animation&quot;:&quot;fadeIn&quot;}\">\n\t\t\t\t\t\t<div class=\"elementor-container elementor-column-gap-no\">\n\t\t\t\t\t<div class=\"elementor-column elementor-col-100 elementor-top-column elementor-element elementor-element-270db2b\" data-id=\"270db2b\" data-element_type=\"column\" data-e-type=\"column\">\n\t\t\t<div class=\"elementor-widget-wrap elementor-element-populated\">\n\t\t\t\t\t\t<div class=\"elementor-element elementor-element-d75c430 elementor-widget elementor-widget-text-editor\" data-id=\"d75c430\" data-element_type=\"widget\" data-e-type=\"widget\" data-widget_type=\"text-editor.default\">\n\t\t\t\t<div class=\"elementor-widget-container\">\n\t\t\t\t\t\t\t\t\t<p>Pe <a href=\"https:\/\/eadmitere.ro\/politie\/\"><strong>eAdmitere<\/strong><\/a> po\u021bi s\u0103 g\u0103se\u0219ti subiecte \u0219i teste gril\u0103 gratis pentru admitere din urm\u0103toarele domenii de interes:<\/p><ul><li><a href=\"https:\/\/eadmitere.ro\/politie\/subiecte-admitere-politie\/?subject=educatie-civica\">Subiecte \u0219i teste gril\u0103 pentru testarea cuno\u0219tin\u021belor de <strong>educa\u021bie civic\u0103<\/strong><\/a><\/li><li><a href=\"https:\/\/eadmitere.ro\/politie\/subiecte-admitere-politie\/?subject=fizica\">Subiecte \u0219i teste gril\u0103 pentru testarea cuno\u0219tin\u021belor de <strong>fizic\u0103<\/strong><\/a><\/li><li><a href=\"https:\/\/eadmitere.ro\/politie\/subiecte-admitere-politie\/?subject=istorie\">Subiecte \u0219i teste gril\u0103 pentru testarea cuno\u0219tin\u021belor de <strong>istorie<\/strong><\/a><\/li><li><a href=\"https:\/\/eadmitere.ro\/politie\/subiecte-admitere-politie\/?subject=legislatie\">Subiecte \u0219i teste gril\u0103 pentru testarea cuno\u0219tin\u021belor de <strong>legisla\u021bie<\/strong><\/a><\/li><li><a href=\"https:\/\/eadmitere.ro\/politie\/subiecte-admitere-politie\/?subject=engleza\">Subiecte \u0219i teste gril\u0103 pentru testarea cuno\u0219tin\u021belor de <strong>limba englez\u0103<\/strong><\/a><\/li><li><a href=\"https:\/\/eadmitere.ro\/politie\/subiecte-admitere-politie\/?subject=franceza\">Subiecte \u0219i teste gril\u0103 pentru testarea cuno\u0219tin\u021belor de <strong>limba francez\u0103<\/strong><\/a><\/li><li><a href=\"https:\/\/eadmitere.ro\/politie\/subiecte-admitere-politie\/?subject=germana\">Subiecte \u0219i teste gril\u0103 pentru testarea cuno\u0219tin\u021belor de <strong>limba german\u0103<\/strong><\/a><\/li><li><a href=\"https:\/\/eadmitere.ro\/politie\/subiecte-admitere-politie\/?subject=romana\">Subiecte \u0219i teste gril\u0103 pentru testarea cuno\u0219tin\u021belor de <strong>limba rom\u00e2n\u0103<\/strong><\/a><\/li><li><a href=\"https:\/\/eadmitere.ro\/politie\/subiecte-admitere-politie\/?subject=rusa\">Subiecte \u0219i teste gril\u0103 pentru testarea cuno\u0219tin\u021belor de <strong>limba rus\u0103 <\/strong><\/a><\/li><li><a href=\"https:\/\/eadmitere.ro\/politie\/subiecte-admitere-politie\/?subject=spaniola\">Subiecte \u0219i teste gril\u0103 pentru testarea cuno\u0219tin\u021belor de <strong>limba spaniol\u0103<\/strong><\/a><\/li><li><a href=\"https:\/\/eadmitere.ro\/politie\/subiecte-admitere-politie\/?subject=matematica\">Subiecte \u0219i teste gril\u0103 pentru testarea cuno\u0219tin\u021belor de <strong>matematic\u0103<\/strong><\/a><\/li><li><a href=\"https:\/\/eadmitere.ro\/politie\/subiecte-admitere-politie\/?subject=rationament-logic\">Subiecte \u0219i teste gril\u0103 pentru testarea cuno\u0219tin\u021belor de <strong>ra\u021bionament logic<\/strong><\/a><\/li><\/ul><p>Tot aici g\u0103se\u0219ti o scurt\u0103 prezentare a institu\u021biilor de \u00eenv\u0103\u021b\u0103m\u00e2nt care preg\u0103tesc elevi \u0219i studen\u021bi pentru o carier\u0103 \u00een <a href=\"https:\/\/politiaromana.ro\/\" target=\"_blank\" rel=\"noopener\">poli\u021bie<\/a>, <a href=\"https:\/\/www.politiadefrontiera.ro\/\" target=\"_blank\" rel=\"noopener\">poli\u021bie de frontier\u0103<\/a>, <a href=\"https:\/\/anp.gov.ro\/\" target=\"_blank\" rel=\"noopener\">poli\u021bie penitenciar\u0103<\/a>, <a href=\"https:\/\/www.jandarmeriaromana.ro\/\" target=\"_blank\" rel=\"noopener\">jandarmerie<\/a> sau <a href=\"https:\/\/www.igsu.ro\/\" target=\"_blank\" rel=\"noopener\">IGSU<\/a>:<\/p><ul><li><a href=\"https:\/\/eadmitere.ro\/politie\/prezentarea-academiei-de-politie-alexandru-ioan-cuza-facultatea-de-politie\/\">Academia de Poli\u0163ie \u201eAlexandru Ioan Cuza\u201d &#8211; Facultatea de Poli\u021bie<\/a><\/li><li><a href=\"https:\/\/eadmitere.ro\/politie\/prezentarea-academiei-de-politie-alexandru-ioan-cuza-facultatea-de-pompieri\/\">Academia de Poli\u0163ie \u201eAlexandru Ioan Cuza\u201d &#8211; Facultatea de Pompieri<\/a><\/li><li><a href=\"https:\/\/eadmitere.ro\/politie\/prezentarea-scolii-de-agenti-de-politie-septimiu-muresan-cluj-napoca\/\">\u015ecoala de Agen\u0163i de Poli\u0163ie \u201eSeptimiu Mure\u015fan\u201d &#8211; Cluj Napoca<\/a><\/li><li><a href=\"https:\/\/eadmitere.ro\/politie\/prezentarea-scolii-de-agenti-de-politie-vasile-lascar-campina\/\">\u015ecoala de Agen\u0163i de Poli\u0163ie \u201eVasile Lasc\u0103r\u201d &#8211; C\u00e2mpina<\/a><\/li><li><a href=\"https:\/\/eadmitere.ro\/politie\/prezentarea-scolii-de-pregatire-a-agentilor-politiei-de-frontiera-avram-iancu-oradea\/\">\u015ecoala de Preg\u0103tire a Agen\u0163ilor Poli\u0163iei de Frontier\u0103 \u201eAvram Iancu\u201d &#8211; Oradea<\/a><\/li><li><a href=\"https:\/\/eadmitere.ro\/politie\/prezentarea-scolii-de-subofiteri-pompieri-si-protectie-civila-pavel-zaganescu-boldesti\/\">\u015ecoala de Subofi\u0163eri Pompieri \u015fi Protec\u0163ie Civil\u0103 \u201ePavel Z\u0103g\u0103nescu\u201d &#8211; Bolde\u015fti<\/a><\/li><li><a href=\"https:\/\/eadmitere.ro\/politie\/prezentarea-scolii-militare-de-subofiteri-de-jandarmi-grigore-alexandru-ghica-dragasani\/\">\u015ecoala Militar\u0103 de Subofi\u0163eri de Jandarmi \u201eGrigore Alexandru Ghica\u201d &#8211; Dr\u0103g\u0103\u015fani<\/a><\/li><li><a href=\"https:\/\/eadmitere.ro\/politie\/prezentarea-scolii-militare-de-subofiteri-jandarmi-petru-rares-falticeni\/\">\u015ecoala Militar\u0103 de Subofi\u0163eri Jandarmi \u201ePetru Rare\u0219\u201d &#8211; F\u0103lticeni<\/a><\/li><li><a href=\"https:\/\/eadmitere.ro\/politie\/prezentarea-scolii-nationale-de-pregatire-a-agentilor-de-penitenciare-targu-ocna\/\">\u015ecoala Na\u0163ional\u0103 de Preg\u0103tire a Agen\u0163ilor de Penitenciare &#8211; T\u00e2rgu Ocna<\/a><\/li><\/ul><p>\u021ai-am preg\u0103tit c\u00e2teva pagini care te pot ajuta \u00een efortul t\u0103u de a te preg\u0103ti pentru admiterea \u00een poli\u021bie:<\/p><ul><li><a href=\"https:\/\/eadmitere.ro\/politie\/tematica-si-bibliografie\/\">Tematica \u0219i bibliografia actualizat\u0103 pentru concursurile de admitere<\/a><\/li><li><a href=\"https:\/\/eadmitere.ro\/politie\/distributia-subiectelor-pe-categorii-si-institutii-de-invatamant\/\">Distribu\u021bia subiectelor pe categorii \u0219i institu\u021bii de \u00eenv\u0103\u021b\u0103m\u00e2nt<\/a><\/li><li><a href=\"https:\/\/eadmitere.ro\/politie\/invata-cum-sa-ai-succes-la-admitere\/\">C\u00e2teva sfaturi pentru a avea succes la admitere<\/a><\/li><li>Flash Info: <a href=\"https:\/\/eadmitere.ro\/politie\/urari-de-craciun-pentru-viitorii-politisti-politisti-de-frontiera-politisti-de-penitenciare-pompieri-si-jandarmi\/\">Ur\u0103ri de Cr\u0103ciun pentru viitorii poli\u021bi\u0219ti, poli\u021bi\u0219ti de frontier\u0103, poli\u021bi\u0219ti de penitenciare, pompieri \u0219i jandarmi<\/a>. Lista complet\u0103 a articolelor publicate o g\u0103se\u0219ti <a href=\"https:\/\/eadmitere.ro\/politie\/flash-info\/\">aici<\/a>.<\/li><\/ul><p>Despre oferta noastr\u0103 \u0219i posibilitatea c\u00e2\u0219tig\u0103rii unui BONUS:<\/p><ul><li><a href=\"https:\/\/eadmitere.ro\/politie\/#oferta-de-pret\">Oferta noastr\u0103<\/a><\/li><li><a href=\"https:\/\/eadmitere.ro\/politie\/castiga-un-bonus\/\">C\u00e2\u0219tig\u0103 un BONUS<\/a><\/li><\/ul><p>Cum ne po\u021bi contacta \u0219i c\u00e2teva considerente legale:<\/p><ul><li><a href=\"https:\/\/eadmitere.ro\/politie\/contact\/\">Cum ne po\u021bi contacta<\/a><\/li><li><a href=\"https:\/\/eadmitere.ro\/politie\/politica-de-confidentialitate\/\">Politica de confiden\u021bialitate<\/a><\/li><li><a href=\"https:\/\/eadmitere.ro\/politie\/termeni-si-conditii-de-utilizare-si-licentiere\/\">Termeni \u0219i condi\u021bii de utilizare \u0219i licen\u021biere<\/a><\/li><li><a href=\"https:\/\/eadmitere.ro\/politie\/acord-de-licenta-pentru-utilizatorul-final\/\">EULA &#8211; Acord de licen\u021b\u0103 pentru utilizatorul final<\/a><\/li><\/ul>\t\t\t\t\t\t\t\t<\/div>\n\t\t\t\t<\/div>\n\t\t\t\t\t<\/div>\n\t\t<\/div>\n\t\t\t\t\t<\/div>\n\t\t<\/section>\n\t\t\t\t<\/div>\n\t\t","protected":false},"excerpt":{"rendered":"<p>Pe eAdmitere po\u021bi s\u0103 g\u0103se\u0219ti subiecte \u0219i teste gril\u0103 gratis pentru admitere din urm\u0103toarele domenii de interes: Subiecte \u0219i teste gril\u0103 pentru testarea cuno\u0219tin\u021belor de educa\u021bie civic\u0103 Subiecte \u0219i teste gril\u0103 pentru testarea cuno\u0219tin\u021belor de fizic\u0103 Subiecte \u0219i teste gril\u0103 pentru testarea cuno\u0219tin\u021belor de istorie Subiecte \u0219i teste gril\u0103 pentru testarea cuno\u0219tin\u021belor de legisla\u021bie Subiecte [&hellip;]<\/p>\n","protected":false},"author":1,"featured_media":0,"parent":0,"menu_order":0,"comment_status":"closed","ping_status":"closed","template":"","meta":{"_seopress_robots_primary_cat":"","_seopress_titles_title":"","_seopress_titles_desc":"","_seopress_robots_index":"","inline_featured_image":false,"footnotes":""},"class_list":["post-13417","page","type-page","status-publish","hentry"],"_links":{"self":[{"href":"https:\/\/eadmitere.ro\/politie\/wp-json\/wp\/v2\/pages\/13417","targetHints":{"allow":["GET"]}}],"collection":[{"href":"https:\/\/eadmitere.ro\/politie\/wp-json\/wp\/v2\/pages"}],"about":[{"href":"https:\/\/eadmitere.ro\/politie\/wp-json\/wp\/v2\/types\/page"}],"author":[{"embeddable":true,"href":"https:\/\/eadmitere.ro\/politie\/wp-json\/wp\/v2\/users\/1"}],"replies":[{"embeddable":true,"href":"https:\/\/eadmitere.ro\/politie\/wp-json\/wp\/v2\/comments?post=13417"}],"version-history":[{"count":0,"href":"https:\/\/eadmitere.ro\/politie\/wp-json\/wp\/v2\/pages\/13417\/revisions"}],"wp:attachment":[{"href":"https:\/\/eadmitere.ro\/politie\/wp-json\/wp\/v2\/media?parent=13417"}],"curies":[{"name":"wp","href":"https:\/\/api.w.org\/{rel}","templated":true}]}}