{"id":15863,"date":"2023-08-31T17:05:49","date_gmt":"2023-08-31T14:05:49","guid":{"rendered":"https:\/\/eadmitere.ro\/politie\/?page_id=15863"},"modified":"2023-08-31T19:53:51","modified_gmt":"2023-08-31T16:53:51","slug":"fluxuri-de-stiri","status":"publish","type":"page","link":"https:\/\/eadmitere.ro\/politie\/fluxuri-de-stiri\/","title":{"rendered":"Fluxuri de \u0219tiri"},"content":{"rendered":"\t\t<div data-elementor-type=\"wp-page\" data-elementor-id=\"15863\" class=\"elementor elementor-15863\" data-elementor-post-type=\"page\">\n\t\t\t\t\t\t<section class=\"elementor-section elementor-top-section elementor-element elementor-element-d37fe15 elementor-section-full_width animated-slow elementor-section-height-default elementor-section-height-default elementor-invisible\" data-id=\"d37fe15\" data-element_type=\"section\" data-e-type=\"section\" data-settings=\"{&quot;animation&quot;:&quot;fadeIn&quot;}\">\n\t\t\t\t\t\t<div class=\"elementor-container elementor-column-gap-no\">\n\t\t\t\t\t<div class=\"elementor-column elementor-col-100 elementor-top-column elementor-element elementor-element-27e66c3\" data-id=\"27e66c3\" data-element_type=\"column\" data-e-type=\"column\">\n\t\t\t<div class=\"elementor-widget-wrap elementor-element-populated\">\n\t\t\t\t\t\t<section class=\"elementor-section elementor-inner-section elementor-element elementor-element-29634a8 elementor-section-full_width elementor-section-height-min-height elementor-section-height-default\" data-id=\"29634a8\" data-element_type=\"section\" data-e-type=\"section\" data-settings=\"{&quot;background_background&quot;:&quot;classic&quot;}\">\n\t\t\t\t\t\t<div class=\"elementor-container elementor-column-gap-default\">\n\t\t\t\t\t<div class=\"elementor-column elementor-col-100 elementor-inner-column elementor-element elementor-element-38a67b1\" data-id=\"38a67b1\" data-element_type=\"column\" data-e-type=\"column\">\n\t\t\t<div class=\"elementor-widget-wrap elementor-element-populated\">\n\t\t\t\t\t\t<div class=\"elementor-element elementor-element-5844946 elementor-widget elementor-widget-heading\" data-id=\"5844946\" data-element_type=\"widget\" data-e-type=\"widget\" data-widget_type=\"heading.default\">\n\t\t\t\t<div class=\"elementor-widget-container\">\n\t\t\t\t\t<h1 class=\"elementor-heading-title elementor-size-default\">Fluxuri de \u0219tiri*<\/h1>\t\t\t\t<\/div>\n\t\t\t\t<\/div>\n\t\t\t\t\t<\/div>\n\t\t<\/div>\n\t\t\t\t\t<\/div>\n\t\t<\/section>\n\t\t\t\t<div class=\"elementor-element elementor-element-2b3506b elementor-widget elementor-widget-heading\" data-id=\"2b3506b\" data-element_type=\"widget\" data-e-type=\"widget\" data-widget_type=\"heading.default\">\n\t\t\t\t<div class=\"elementor-widget-container\">\n\t\t\t\t\t<h2 class=\"elementor-heading-title elementor-size-default\">* Pagina este generat\u0103 automat \u0219i include ultimele nout\u0103\u021bi<br>puse la dispozi\u021bie de anumite institu\u021bii prin intermediul fluxurilor RSS<\/h2>\t\t\t\t<\/div>\n\t\t\t\t<\/div>\n\t\t\t\t<div class=\"elementor-element elementor-element-6795dec elementor-widget elementor-widget-heading\" data-id=\"6795dec\" data-element_type=\"widget\" data-e-type=\"widget\" data-widget_type=\"heading.default\">\n\t\t\t\t<div class=\"elementor-widget-container\">\n\t\t\t\t\t<h2 class=\"elementor-heading-title elementor-size-default\">Academia de Poli\u0163ie \u201eAlexandru Ioan Cuza\u201d<\/h2>\t\t\t\t<\/div>\n\t\t\t\t<\/div>\n\t\t\t\t<div class=\"elementor-element elementor-element-e7ce491 elementor-widget elementor-widget-e-rss\" data-id=\"e7ce491\" data-element_type=\"widget\" data-e-type=\"widget\" data-widget_type=\"e-rss.default\">\n\t\t\t\t<div class=\"elementor-widget-container\">\n\t\t\t\t\t<div class=\"rss-wrapper\"><div class=\"rss-item\"><div class=\"rss-content\"><h3 class=\"e-rss-title elementor-heading-title\">\u21ac Full Proof \u2013 Ensuring the due course of criminal proceedings by strengthening respect for the procedural rights of suspects and the accused, cod 101160524<\/h3><div class=\"e-rss-description\">Academia de Poli\u021bie \u201eAlexandru Ioan Cuza\u201d, \u00een calitate de partener, implementeaz\u0103 proiectul cu titlul \u201eFULL-PROOF \u2013 Ensuring the due course of criminal proceedings by strengthening respect for the procedural rights of suspects and the accused\u201d, al\u0103turi de institu\u021bii \u0219i organiza\u021bii din mai multe state membre ale Uniunii Europene. Proiectul este coordonat de Qualify Just \u2013 [&#8230;]<\/div><div class=\"elementor-button-wrapper\"><a class=\"e-rss-button elementor-button\" href=\"https:\/\/academiadepolitie.ro\/full-proof-ensuring-the-due-course-of-criminal-proceedings-by-strengthening-respect-for-the-procedural-rights-of-suspects-and-the-accused-cod-101160524-13521\/\" target=\"_blank\">Cite\u0219te \u00een continuare<\/a><\/div><\/div><\/div><div class=\"rss-item\"><div class=\"rss-content\"><h3 class=\"e-rss-title elementor-heading-title\">\u21ac Conferin\u021ba \u0219tiin\u021bific\u0103 interna\u021bional\u0103 a studen\u021bilor la programele de licen\u021b\u0103 \u201eCuno\u0219tin\u021be interdisciplinare \u00een domeniul ordinii publice \u0219i securit\u0103\u021bii na\u021bionale\u201d<\/h3><div class=\"e-rss-description\">Academia de Poli\u021bie \u201eAlexandru loan Cuza&#8221; organizeaz\u0103 \u00een perioada 13-14 mai 2026 Conferin\u021ba \u0219tiin\u021bific\u0103 cu participare interna\u021bional\u0103 a studen\u021bilor la programele de licen\u021b\u0103 \u201eCuno\u0219tin\u021be interdisciplinare \u00een domeniul ordinii publice \u0219i securit\u0103\u021bii na\u021bionale&#8220;. Conferin\u021ba este organizat\u0103 \u00een parteneriat cu prestigioase universita\u021bi similare din \u021bar\u0103 \u0219i str\u0103in\u0103tate, fiind deschis\u0103 particip\u0103rii tuturor studen\u021bilor din universit\u0103\u021bile civile \u0219i militare [&#8230;]<\/div><div class=\"elementor-button-wrapper\"><a class=\"e-rss-button elementor-button\" href=\"https:\/\/academiadepolitie.ro\/conferinta-stiintifica-internationala-a-studentilor-la-programele-de-licenta-cunostinte-interdisciplinare-in-domeniul-ordinii-publice-si-securitatii-nationale-2-13495\/\" target=\"_blank\">Cite\u0219te \u00een continuare<\/a><\/div><\/div><\/div><div class=\"rss-item\"><div class=\"rss-content\"><h3 class=\"e-rss-title elementor-heading-title\">\u21ac Regulament privind organizarea \u0219i desf\u0103\u0219urarea examenului de licen\u021b\u0103\/diplom\u0103 \u00een Academia de Poli\u021bie \u201eAlexandru Ioan Cuza\u201d<\/h3><div class=\"e-rss-description\"><\/div><div class=\"elementor-button-wrapper\"><a class=\"e-rss-button elementor-button\" href=\"https:\/\/academiadepolitie.ro\/regulament-privind-organizarea-si-desfasurarea-examenului-de-licenta-diploma-in-academia-de-politie-alexandru-ioan-cuza-2-13488\/\" target=\"_blank\">Cite\u0219te \u00een continuare<\/a><\/div><\/div><\/div><\/div>\t\t\t\t<\/div>\n\t\t\t\t<\/div>\n\t\t\t\t\t<\/div>\n\t\t<\/div>\n\t\t\t\t\t<\/div>\n\t\t<\/section>\n\t\t\t\t<\/div>\n\t\t","protected":false},"excerpt":{"rendered":"<p>Fluxuri de \u0219tiri* * Pagina este generat\u0103 automat \u0219i include ultimele nout\u0103\u021bipuse la dispozi\u021bie de anumite institu\u021bii prin intermediul fluxurilor RSS Academia de Poli\u0163ie \u201eAlexandru Ioan Cuza\u201d \u21ac Comunicat de pres\u0103 29.08.2023 \u2013 O zi plin\u0103 de emo\u021bii la Academia de Poli\u021bie \u201eAlexandru Ioan Cuza\u201d Academia de Poli\u021bie \u201eAlexandru Ioan Cuza&#8221; \u00ee\u0219i dore\u0219te s\u0103 transmit\u0103 [&hellip;]<\/p>\n","protected":false},"author":1,"featured_media":14411,"parent":0,"menu_order":0,"comment_status":"closed","ping_status":"closed","template":"","meta":{"_seopress_robots_primary_cat":"","_seopress_titles_title":"Fluxuri de \u0219tiri generate de institu\u021bii de \u00eenv\u0103\u021b\u0103m\u00e2nt","_seopress_titles_desc":"Pagina este generat\u0103 automat \u0219i include ultimele nout\u0103\u021bi puse la dispozi\u021bie de anumite institu\u021bii de \u00eenv\u0103\u021b\u0103m\u00e2nt prin intermediul fluxurilor RSS","_seopress_robots_index":"","inline_featured_image":false,"footnotes":""},"class_list":["post-15863","page","type-page","status-publish","has-post-thumbnail","hentry"],"_links":{"self":[{"href":"https:\/\/eadmitere.ro\/politie\/wp-json\/wp\/v2\/pages\/15863","targetHints":{"allow":["GET"]}}],"collection":[{"href":"https:\/\/eadmitere.ro\/politie\/wp-json\/wp\/v2\/pages"}],"about":[{"href":"https:\/\/eadmitere.ro\/politie\/wp-json\/wp\/v2\/types\/page"}],"author":[{"embeddable":true,"href":"https:\/\/eadmitere.ro\/politie\/wp-json\/wp\/v2\/users\/1"}],"replies":[{"embeddable":true,"href":"https:\/\/eadmitere.ro\/politie\/wp-json\/wp\/v2\/comments?post=15863"}],"version-history":[{"count":0,"href":"https:\/\/eadmitere.ro\/politie\/wp-json\/wp\/v2\/pages\/15863\/revisions"}],"wp:featuredmedia":[{"embeddable":true,"href":"https:\/\/eadmitere.ro\/politie\/wp-json\/wp\/v2\/media\/14411"}],"wp:attachment":[{"href":"https:\/\/eadmitere.ro\/politie\/wp-json\/wp\/v2\/media?parent=15863"}],"curies":[{"name":"wp","href":"https:\/\/api.w.org\/{rel}","templated":true}]}}