{"id":2858,"date":"2022-12-26T20:26:18","date_gmt":"2022-12-26T18:26:18","guid":{"rendered":"http:\/\/eadmitere.ro\/politie\/?page_id=2858"},"modified":"2025-11-15T18:06:18","modified_gmt":"2025-11-15T16:06:18","slug":"subiecte-admitere-politie","status":"publish","type":"page","link":"https:\/\/eadmitere.ro\/politie\/subiecte-admitere-politie\/","title":{"rendered":"Subiecte admitere poli\u021bie"},"content":{"rendered":"\t\t<div data-elementor-type=\"wp-page\" data-elementor-id=\"2858\" class=\"elementor elementor-2858\" data-elementor-post-type=\"page\">\n\t\t\t\t\t\t<section class=\"elementor-section elementor-top-section elementor-element elementor-element-4e82602e elementor-section-full_width animated-fast elementor-section-height-min-height elementor-section-items-top elementor-section-height-default elementor-invisible\" data-id=\"4e82602e\" data-element_type=\"section\" data-e-type=\"section\" data-settings=\"{&quot;animation&quot;:&quot;fadeIn&quot;}\">\n\t\t\t\t\t\t<div class=\"elementor-container elementor-column-gap-no\">\n\t\t\t\t\t<div class=\"elementor-column elementor-col-100 elementor-top-column elementor-element elementor-element-45f59ad4\" data-id=\"45f59ad4\" data-element_type=\"column\" data-e-type=\"column\">\n\t\t\t<div class=\"elementor-widget-wrap elementor-element-populated\">\n\t\t\t\t\t\t<div class=\"elementor-hidden e-display-original-content elementor-element elementor-element-c238665 elementor-widget elementor-widget-e-text-editor-twig\" style=\"display:none\" data-id=\"c238665\" data-element_type=\"widget\" data-e-type=\"widget\" data-widget_type=\"e-text-editor-twig.default\">\n\t\t\t\t<div class=\"elementor-widget-container\">\n\t\t\t\t\t        <div class=\"e-twigs\">\r\n                    <\/div>\r\n        \t\t\t\t<\/div>\n\t\t\t\t<\/div>\n\t\t\t\t<div class=\"elementor-hidden e-display-original-content elementor-element elementor-element-1ba257b elementor-fixed elementor-widget elementor-widget-image\" style=\"display:none\" data-id=\"1ba257b\" data-element_type=\"widget\" data-e-type=\"widget\" id=\"loading\" data-settings=\"{&quot;_position&quot;:&quot;fixed&quot;}\" data-widget_type=\"image.default\">\n\t\t\t\t<div class=\"elementor-widget-container\">\n\t\t\t\t\t\t\t\t\t\t\t\t\t\t\t<img loading=\"lazy\" decoding=\"async\" loading=\"lazy\" width=\"64\" height=\"64\" src=\"https:\/\/eadmitere.ro\/politie\/wp-content\/uploads\/2023\/04\/progress.svg\" class=\"attachment-medium_large size-medium_large wp-image-12486\" alt=\"Teste pentru admiterea \u00een academie sau \u0219colile de preg\u0103tire a agen\u021bilor \u0219i ofi\u021berilor de poli\u021bie, penitenciare, jandarmerie, pompieri\" \/>\t\t\t\t\t\t\t\t\t\t\t\t\t\t\t<\/div>\n\t\t\t\t<\/div>\n\t\t\t\t<section class=\"elementor-section elementor-inner-section elementor-element elementor-element-c6fd970 elementor-section-full_width elementor-section-height-default elementor-section-height-default\" data-id=\"c6fd970\" data-element_type=\"section\" data-e-type=\"section\">\n\t\t\t\t\t\t<div class=\"elementor-container elementor-column-gap-default\">\n\t\t\t\t\t<div class=\"elementor-column elementor-col-33 elementor-inner-column elementor-element elementor-element-027d1f1\" data-id=\"027d1f1\" data-element_type=\"column\" data-e-type=\"column\">\n\t\t\t<div class=\"elementor-widget-wrap elementor-element-populated\">\n\t\t\t\t\t\t<div class=\"elementor-element elementor-element-6d1dd9a elementor-widget elementor-widget-image\" data-id=\"6d1dd9a\" data-element_type=\"widget\" data-e-type=\"widget\" id=\"loading_03\" data-settings=\"{&quot;e_tooltip_enable&quot;:&quot;yes&quot;,&quot;e_tooltip_textcontent&quot;:&quot;Mergi \\u00eenapoi la pagina principal\\u0103&quot;,&quot;e_tooltip_placement&quot;:&quot;left&quot;,&quot;e_tooltip_style&quot;:&quot;light&quot;,&quot;e_tooltip_label_type&quot;:&quot;text&quot;,&quot;e_tooltip_animation&quot;:&quot;scale&quot;,&quot;e_tooltip_arrow&quot;:&quot;yes&quot;,&quot;e_tooltip_style_maxWidth&quot;:{&quot;unit&quot;:&quot;px&quot;,&quot;size&quot;:&quot;&quot;,&quot;sizes&quot;:[]}}\" data-widget_type=\"image.default\">\n\t\t\t\t<div class=\"elementor-widget-container\">\n\t\t\t\t\t\t\t\t\t\t\t\t\t\t\t\t<a href=\"https:\/\/eadmitere.ro\/politie\">\n\t\t\t\t\t\t\t<img fetchpriority=\"high\" decoding=\"async\" width=\"300\" height=\"300\" src=\"https:\/\/eadmitere.ro\/politie\/wp-content\/uploads\/2022\/12\/back-300x300.webp\" class=\"attachment-medium size-medium wp-image-3780\" alt=\"Mergi \u00eenapoi la eAdmitere.ro, cel mai bun site de teste \u0219i subiecte pentru admiterea \u00een poli\u021bie.\" srcset=\"https:\/\/eadmitere.ro\/politie\/wp-content\/uploads\/2022\/12\/back.webp 300w, https:\/\/eadmitere.ro\/politie\/wp-content\/uploads\/2022\/12\/back-150x150.webp 150w\" sizes=\"(max-width: 300px) 100vw, 300px\" \/>\t\t\t\t\t\t\t\t<\/a>\n\t\t\t\t\t\t\t\t\t\t\t\t\t\t\t<\/div>\n\t\t\t\t<\/div>\n\t\t\t\t\t<\/div>\n\t\t<\/div>\n\t\t\t\t<div class=\"elementor-column elementor-col-33 elementor-inner-column elementor-element elementor-element-6385bfa\" data-id=\"6385bfa\" data-element_type=\"column\" data-e-type=\"column\">\n\t\t\t<div class=\"elementor-widget-wrap elementor-element-populated\">\n\t\t\t\t\t\t<div class=\"elementor-element elementor-element-30bcd097 elementor-widget elementor-widget-e-text-editor-twig\" data-id=\"30bcd097\" data-element_type=\"widget\" data-e-type=\"widget\" data-widget_type=\"e-text-editor-twig.default\">\n\t\t\t\t<div class=\"elementor-widget-container\">\n\t\t\t\t\t        <div class=\"e-twigs\">\r\n               Error\n        <\/div>\r\n        \t\t\t\t<\/div>\n\t\t\t\t<\/div>\n\t\t\t\t\t<\/div>\n\t\t<\/div>\n\t\t\t\t<div class=\"elementor-column elementor-col-33 elementor-inner-column elementor-element elementor-element-fc53b80\" data-id=\"fc53b80\" data-element_type=\"column\" data-e-type=\"column\">\n\t\t\t<div class=\"elementor-widget-wrap elementor-element-populated\">\n\t\t\t\t\t\t<div class=\"elementor-element elementor-element-dc13293 elementor-widget elementor-widget-image\" data-id=\"dc13293\" data-element_type=\"widget\" data-e-type=\"widget\" data-settings=\"{&quot;e_tooltip_enable&quot;:&quot;yes&quot;,&quot;e_tooltip_placement&quot;:&quot;left&quot;,&quot;e_tooltip_style&quot;:&quot;light&quot;,&quot;e_tooltip_animation&quot;:&quot;perspective&quot;,&quot;e_tooltip_label_type&quot;:&quot;text&quot;,&quot;e_tooltip_arrow&quot;:&quot;yes&quot;,&quot;e_tooltip_style_maxWidth&quot;:{&quot;unit&quot;:&quot;px&quot;,&quot;size&quot;:&quot;&quot;,&quot;sizes&quot;:[]}}\" data-widget_type=\"image.default\">\n\t\t\t\t<div class=\"elementor-widget-container\">\n\t\t\t\t\t\t\t\t\t\t\t\t\t\t\t<img decoding=\"async\" width=\"300\" height=\"300\" src=\"https:\/\/eadmitere.ro\/politie\/wp-content\/uploads\/2023\/10\/more-info-01-300x300.webp\" class=\"attachment-medium size-medium wp-image-17162\" alt=\"teste admitere,subiecte admitere,grile,teste grila\" srcset=\"https:\/\/eadmitere.ro\/politie\/wp-content\/uploads\/2023\/10\/more-info-01-300x300.webp 300w, https:\/\/eadmitere.ro\/politie\/wp-content\/uploads\/2023\/10\/more-info-01-150x150.webp 150w, https:\/\/eadmitere.ro\/politie\/wp-content\/uploads\/2023\/10\/more-info-01-768x766.webp 768w, https:\/\/eadmitere.ro\/politie\/wp-content\/uploads\/2023\/10\/more-info-01.webp 1000w\" sizes=\"(max-width: 300px) 100vw, 300px\" \/>\t\t\t\t\t\t\t\t\t\t\t\t\t\t\t<\/div>\n\t\t\t\t<\/div>\n\t\t\t\t\t<\/div>\n\t\t<\/div>\n\t\t\t\t\t<\/div>\n\t\t<\/section>\n\t\t\t\t<section class=\"elementor-section elementor-inner-section elementor-element elementor-element-f5928f7 elementor-section-full_width elementor-section-height-default elementor-section-height-default\" data-id=\"f5928f7\" data-element_type=\"section\" data-e-type=\"section\">\n\t\t\t\t\t\t<div class=\"elementor-container elementor-column-gap-default\">\n\t\t\t\t\t<div class=\"elementor-column elementor-col-50 elementor-inner-column elementor-element elementor-element-49583aa\" data-id=\"49583aa\" data-element_type=\"column\" data-e-type=\"column\">\n\t\t\t<div class=\"elementor-widget-wrap elementor-element-populated\">\n\t\t\t\t\t\t<div class=\"elementor-hidden e-display-original-content elementor-element elementor-element-b0678f0 elementor-widget elementor-widget-e-text-editor-twig\" style=\"display:none\" data-id=\"b0678f0\" data-element_type=\"widget\" data-e-type=\"widget\" data-widget_type=\"e-text-editor-twig.default\">\n\t\t\t\t<div class=\"elementor-widget-container\">\n\t\t\t\t\t        <div class=\"e-twigs\">\r\n                <ul style=\"list-style-type: square;\">\n     \t<li>Academia de Poli\u0163ie \u201eAlexandru Ioan Cuza\u201d - Facultatea de Poli\u021bie<\/li>\n     \t<li>Academia de Poli\u0163ie \u201eAlexandru Ioan Cuza\u201d - Facultatea de Pompieri<\/li>\n     \t<li>\u015ecoala de Agen\u0163i de Poli\u0163ie \u201eSeptimiu Mure\u015fan\u201d - Cluj Napoca<\/li>\n     \t<li>\u015ecoala de Agen\u0163i de Poli\u0163ie \u201eVasile Lasc\u0103r\u201d - C\u00e2mpina<\/li>\n     \t<li>\u015ecoala de Preg\u0103tire a Agen\u0163ilor Poli\u0163iei de Frontier\u0103 \u201eAvram Iancu\u201d - Oradea<\/li>\n     \t<li>\u015ecoala de Subofi\u0163eri Pompieri \u015fi Protec\u0163ie Civil\u0103 \u201ePavel Z\u0103g\u0103nescu\u201d - Bolde\u015fti<\/li>\n     \t<li>\u015ecoala Militar\u0103 de Subofi\u0163eri de Jandarmi \u201eGrigore Alexandru Ghica\u201d - Dr\u0103g\u0103\u015fani<\/li>\n     \t<li>\u015ecoala Militar\u0103 de Subofi\u0163eri Jandarmi \u201ePetru Rare\u0219\u201d - F\u0103lticeni<\/li>\n     \t<li>\u015ecoala Na\u0163ional\u0103 de Preg\u0103tire a Agen\u0163ilor de Penitenciare - T\u00e2rgu Ocna<\/li>\n    <\/ul>\n        <\/div>\r\n        \t\t\t\t<\/div>\n\t\t\t\t<\/div>\n\t\t\t\t\t<\/div>\n\t\t<\/div>\n\t\t\t\t<div class=\"elementor-column elementor-col-50 elementor-inner-column elementor-element elementor-element-26755fe\" data-id=\"26755fe\" data-element_type=\"column\" data-e-type=\"column\">\n\t\t\t<div class=\"elementor-widget-wrap elementor-element-populated\">\n\t\t\t\t\t\t<div class=\"elementor-element elementor-element-ad128e0 elementor-align-center elementor-widget elementor-widget-button\" data-id=\"ad128e0\" data-element_type=\"widget\" data-e-type=\"widget\" id=\"sursa\" data-widget_type=\"button.default\">\n\t\t\t\t<div class=\"elementor-widget-container\">\n\t\t\t\t\t\t\t\t\t<div class=\"elementor-button-wrapper\">\n\t\t\t\t\t<a class=\"elementor-button elementor-button-link elementor-size-sm\" href=\"#\">\n\t\t\t\t\t\t<span class=\"elementor-button-content-wrapper\">\n\t\t\t\t\t\t<span class=\"elementor-button-icon\">\n\t\t\t\t<i aria-hidden=\"true\" class=\"far fa-eye\"><\/i>\t\t\t<\/span>\n\t\t\t\t\t\t\t\t\t<span class=\"elementor-button-text\">Sursa subiectelor<\/span>\n\t\t\t\t\t<\/span>\n\t\t\t\t\t<\/a>\n\t\t\t\t<\/div>\n\t\t\t\t\t\t\t\t<\/div>\n\t\t\t\t<\/div>\n\t\t\t\t<div class=\"elementor-element elementor-element-99e2fde elementor-mobile-button-align-center elementor-button-align-stretch elementor-widget elementor-widget-form\" data-id=\"99e2fde\" data-element_type=\"widget\" data-e-type=\"widget\" data-settings=\"{&quot;button_width_mobile&quot;:&quot;30&quot;,&quot;step_next_label&quot;:&quot;Next&quot;,&quot;step_previous_label&quot;:&quot;Previous&quot;,&quot;button_width&quot;:&quot;100&quot;,&quot;step_type&quot;:&quot;number_text&quot;,&quot;step_icon_shape&quot;:&quot;circle&quot;}\" data-widget_type=\"form.default\">\n\t\t\t\t<div class=\"elementor-widget-container\">\n\t\t\t\t\t\t\t<form class=\"elementor-form\" method=\"post\" id=\"id_form_selecteaza\" name=\"Selecteaz\u0103 scoala\" aria-label=\"Selecteaz\u0103 scoala\">\n\t\t\t<input type=\"hidden\" name=\"post_id\" value=\"2858\"\/>\n\t\t\t<input type=\"hidden\" name=\"form_id\" value=\"99e2fde\"\/>\n\t\t\t<input type=\"hidden\" name=\"referer_title\" value=\"\" \/>\n\n\t\t\t\n\t\t\t<div class=\"elementor-form-fields-wrapper elementor-labels-\">\n\t\t\t\t\t\t\t\t<div class=\"elementor-field-type-select elementor-field-group elementor-column elementor-field-group-sectiune elementor-field-type-select2 e-onchange elementor-repeater-item-0778d21 elementor-col-100 elementor-sm-100\">\n\t\t\t\t\t\t\t\t\t\t\t\t<label for=\"form-field-sectiune\" class=\"elementor-field-label elementor-screen-only\">\n\t\t\t\t\t\t\t\tSelecteaza materia\t\t\t\t\t\t\t<\/label>\n\t\t\t\t\t\t\t\t<div class=\"elementor-field elementor-select-wrapper remove-before \">\n\t\t\t<div class=\"select-caret-down-wrapper\">\n\t\t\t\t<i aria-hidden=\"true\" class=\"eicon-caret-down\"><\/i>\t\t\t<\/div>\n\t\t\t<select name=\"form_fields[sectiune]\" id=\"form-field-sectiune\" data-placeholder=\"Selecteaz\u0103 materia\" class=\"e-select2 elementor-field-textual elementor-size-xs\">\n\t\t\t\t\t\t\t\t\t<option value=\"educatie-civica\">Educa\u021bie civic\u0103<\/option>\n\t\t\t\t\t\t\t\t\t<option value=\"fizica\">Fizic\u0103<\/option>\n\t\t\t\t\t\t\t\t\t<option value=\"istorie\">Istorie<\/option>\n\t\t\t\t\t\t\t\t\t<option value=\"legislatie\">Legisla\u021bie specific\u0103<\/option>\n\t\t\t\t\t\t\t\t\t<option value=\"engleza\">Limba englez\u0103<\/option>\n\t\t\t\t\t\t\t\t\t<option value=\"franceza\">Limba francez\u0103<\/option>\n\t\t\t\t\t\t\t\t\t<option value=\"germana\">Limba german\u0103<\/option>\n\t\t\t\t\t\t\t\t\t<option value=\"romana\">Limba rom\u00e2n\u0103<\/option>\n\t\t\t\t\t\t\t\t\t<option value=\"rusa\">Limba rus\u0103<\/option>\n\t\t\t\t\t\t\t\t\t<option value=\"spaniola\">Limba spaniol\u0103<\/option>\n\t\t\t\t\t\t\t\t\t<option value=\"matematica\">Matematic\u0103<\/option>\n\t\t\t\t\t\t\t\t\t<option value=\"rationament-logic\">Ra\u021bionament logic<\/option>\n\t\t\t\t\t\t\t<\/select>\n\t\t<\/div>\n\t\t\t\t\t\t<\/div>\n\t\t\t\t\t\t\t\t<div class=\"elementor-field-group elementor-column elementor-field-type-submit elementor-col-100 e-form__buttons elementor-sm-30\">\n\t\t\t\t\t<button class=\"elementor-button elementor-size-sm\" type=\"submit\">\n\t\t\t\t\t\t<span class=\"elementor-button-content-wrapper\">\n\t\t\t\t\t\t\t\t\t\t\t\t\t\t\t\t\t\t\t\t\t\t<span class=\"elementor-button-text\">Send<\/span>\n\t\t\t\t\t\t\t\t\t\t\t\t\t<\/span>\n\t\t\t\t\t<\/button>\n\t\t\t\t<\/div>\n\t\t\t<\/div>\n\t\t<\/form>\n\t\t<style>.elementor-element-99e2fde form > .elementor-form-fields-wrapper > .elementor-field-type-submit:last-child,.elementor-element-99e2fde form > .elementor-form-fields-wrapper > .elementor-field-type-step:last-child > .e-form__buttons > .elementor-field-type-submit{ display: none; }<\/style>\t\t\t\t<\/div>\n\t\t\t\t<\/div>\n\t\t\t\t<section class=\"elementor-section elementor-inner-section elementor-element elementor-element-dc50c04 elementor-section-boxed elementor-section-height-default elementor-section-height-default\" data-id=\"dc50c04\" data-element_type=\"section\" data-e-type=\"section\">\n\t\t\t\t\t\t<div class=\"elementor-container elementor-column-gap-default\">\n\t\t\t\t\t<div class=\"elementor-column elementor-col-100 elementor-inner-column elementor-element elementor-element-0ce41bd\" data-id=\"0ce41bd\" data-element_type=\"column\" data-e-type=\"column\">\n\t\t\t<div class=\"elementor-widget-wrap\">\n\t\t\t\t\t\t\t<\/div>\n\t\t<\/div>\n\t\t\t\t\t<\/div>\n\t\t<\/section>\n\t\t\t\t\t<\/div>\n\t\t<\/div>\n\t\t\t\t\t<\/div>\n\t\t<\/section>\n\t\t\t\t<div class=\"elementor-element elementor-element-314e6a67 elementor-widget elementor-widget-e-text-editor-twig\" data-id=\"314e6a67\" data-element_type=\"widget\" data-e-type=\"widget\" data-widget_type=\"e-text-editor-twig.default\">\n\t\t\t\t<div class=\"elementor-widget-container\">\n\t\t\t\t\t        <div class=\"e-twigs\">\r\n               Error\n        <\/div>\r\n        \t\t\t\t<\/div>\n\t\t\t\t<\/div>\n\t\t\t\t\t<\/div>\n\t\t<\/div>\n\t\t\t\t\t<\/div>\n\t\t<\/section>\n\t\t\t\t<\/div>\n\t\t","protected":false},"excerpt":{"rendered":"<p>Error Academia de Poli\u0163ie \u201eAlexandru Ioan Cuza\u201d &#8211; Facultatea de Poli\u021bie Academia de Poli\u0163ie \u201eAlexandru Ioan Cuza\u201d &#8211; Facultatea de Pompieri \u015ecoala de Agen\u0163i de Poli\u0163ie \u201eSeptimiu Mure\u015fan\u201d &#8211; Cluj Napoca \u015ecoala de Agen\u0163i de Poli\u0163ie \u201eVasile Lasc\u0103r\u201d &#8211; C\u00e2mpina \u015ecoala de Preg\u0103tire a Agen\u0163ilor Poli\u0163iei de Frontier\u0103 \u201eAvram Iancu\u201d &#8211; Oradea \u015ecoala de Subofi\u0163eri [&hellip;]<\/p>\n","protected":false},"author":1,"featured_media":12955,"parent":0,"menu_order":0,"comment_status":"closed","ping_status":"closed","template":"","meta":{"_seopress_robots_primary_cat":"","_seopress_titles_title":"Teste \u0219i subiecte pentru admiterea \u00een poli\u021bie, jandarmerie, pompieri","_seopress_titles_desc":"Teste \u0219i subiecte pentru admiterea \u00een poli\u021bie, jandarmerie sau pompieri\/IGSU. Aici ai tot ce-\u021bi trebuie pentru o admitere de succes! Din toate domeniile","_seopress_robots_index":"","inline_featured_image":false,"footnotes":""},"class_list":["post-2858","page","type-page","status-publish","has-post-thumbnail","hentry"],"_links":{"self":[{"href":"https:\/\/eadmitere.ro\/politie\/wp-json\/wp\/v2\/pages\/2858","targetHints":{"allow":["GET"]}}],"collection":[{"href":"https:\/\/eadmitere.ro\/politie\/wp-json\/wp\/v2\/pages"}],"about":[{"href":"https:\/\/eadmitere.ro\/politie\/wp-json\/wp\/v2\/types\/page"}],"author":[{"embeddable":true,"href":"https:\/\/eadmitere.ro\/politie\/wp-json\/wp\/v2\/users\/1"}],"replies":[{"embeddable":true,"href":"https:\/\/eadmitere.ro\/politie\/wp-json\/wp\/v2\/comments?post=2858"}],"version-history":[{"count":4,"href":"https:\/\/eadmitere.ro\/politie\/wp-json\/wp\/v2\/pages\/2858\/revisions"}],"predecessor-version":[{"id":18217,"href":"https:\/\/eadmitere.ro\/politie\/wp-json\/wp\/v2\/pages\/2858\/revisions\/18217"}],"wp:featuredmedia":[{"embeddable":true,"href":"https:\/\/eadmitere.ro\/politie\/wp-json\/wp\/v2\/media\/12955"}],"wp:attachment":[{"href":"https:\/\/eadmitere.ro\/politie\/wp-json\/wp\/v2\/media?parent=2858"}],"curies":[{"name":"wp","href":"https:\/\/api.w.org\/{rel}","templated":true}]}}