{"id":4368,"date":"2023-02-05T21:19:05","date_gmt":"2023-02-05T19:19:05","guid":{"rendered":"http:\/\/eadmitere.ro\/politie\/?page_id=4368"},"modified":"2023-04-07T20:58:07","modified_gmt":"2023-04-07T17:58:07","slug":"invata-cum-sa-ai-succes-la-admitere","status":"publish","type":"page","link":"https:\/\/eadmitere.ro\/politie\/invata-cum-sa-ai-succes-la-admitere\/","title":{"rendered":"\u00cenva\u021b\u0103 cum s\u0103 ai succes la admitere"},"content":{"rendered":"\t\t<div data-elementor-type=\"wp-page\" data-elementor-id=\"4368\" class=\"elementor elementor-4368\" data-elementor-post-type=\"page\">\n\t\t\t\t\t\t<section class=\"elementor-section elementor-top-section elementor-element elementor-element-e7aef06 elementor-section-full_width animated-slow elementor-hidden-mobile elementor-section-height-default elementor-section-height-default elementor-invisible\" data-id=\"e7aef06\" data-element_type=\"section\" data-e-type=\"section\" data-settings=\"{&quot;background_background&quot;:&quot;classic&quot;,&quot;animation&quot;:&quot;fadeIn&quot;}\">\n\t\t\t\t\t\t<div class=\"elementor-container elementor-column-gap-no\">\n\t\t\t\t\t<div class=\"elementor-column elementor-col-100 elementor-top-column elementor-element elementor-element-15fb7a1\" data-id=\"15fb7a1\" data-element_type=\"column\" data-e-type=\"column\">\n\t\t\t<div class=\"elementor-widget-wrap elementor-element-populated\">\n\t\t\t\t\t\t<div class=\"elementor-element elementor-element-688211a elementor-widget elementor-widget-image\" data-id=\"688211a\" data-element_type=\"widget\" data-e-type=\"widget\" data-widget_type=\"image.default\">\n\t\t\t\t<div class=\"elementor-widget-container\">\n\t\t\t\t\t\t\t\t\t\t\t\t\t\t\t<img loading=\"lazy\" decoding=\"async\" loading=\"lazy\" width=\"768\" height=\"394\" src=\"https:\/\/eadmitere.ro\/politie\/wp-content\/uploads\/2023\/02\/ola-06-768x394.webp\" class=\"attachment-medium_large size-medium_large wp-image-4130\" alt=\"Noi te \u00eenv\u0103\u021b\u0103m cum s\u0103 nu-\u021bi risipe\u0219ti banii. Cu noi ie\u0219i mai ieftin! Aproape gratis. Plus c\u0103 avem cele mai bune teste pentru admitere.\" srcset=\"https:\/\/eadmitere.ro\/politie\/wp-content\/uploads\/2023\/02\/ola-06-768x394.webp 768w, https:\/\/eadmitere.ro\/politie\/wp-content\/uploads\/2023\/02\/ola-06-300x154.webp 300w, https:\/\/eadmitere.ro\/politie\/wp-content\/uploads\/2023\/02\/ola-06.webp 1000w\" sizes=\"auto, (max-width: 768px) 100vw, 768px\" \/>\t\t\t\t\t\t\t\t\t\t\t\t\t\t\t<\/div>\n\t\t\t\t<\/div>\n\t\t\t\t<div class=\"elementor-element elementor-element-e57133e elementor-widget elementor-widget-heading\" data-id=\"e57133e\" data-element_type=\"widget\" data-e-type=\"widget\" data-widget_type=\"heading.default\">\n\t\t\t\t<div class=\"elementor-widget-container\">\n\t\t\t\t\t<h1 class=\"elementor-heading-title elementor-size-default\">\u00cenva\u021b\u0103 cum s\u0103 ai succes la admitere<\/h1>\t\t\t\t<\/div>\n\t\t\t\t<\/div>\n\t\t\t\t<div class=\"elementor-element elementor-element-5e4099b elementor-widget elementor-widget-text-editor\" data-id=\"5e4099b\" data-element_type=\"widget\" data-e-type=\"widget\" data-widget_type=\"text-editor.default\">\n\t\t\t\t<div class=\"elementor-widget-container\">\n\t\t\t\t\t\t\t\t\t<p>Ne bucur\u0103m c\u0103 ai ales s\u0103 \u00eencepi o carier\u0103 nou\u0103. Ai f\u0103cut o alegere \u00een\u021beleapt\u0103!<\/p><p>Suntem al\u0103turi de tine \u0219i te ajut\u0103m s\u0103 \u00eenve\u021bi cum s\u0103 \u00eenve\u021bi. \u0218i mai ales, cum s\u0103 \u00eenve\u021bi f\u0103r\u0103 s\u0103-\u021bi risipe\u0219ti banii. Poate chiar f\u0103r\u0103 medita\u021bii. F\u0103r\u0103 profesori scumpi. Nu trebuie s\u0103 ne crezi. Trebuie doar s\u0103 cite\u0219ti c\u00e2teva r\u00e2nduri. E at\u00e2t de simplu. \u0218i gratis&#8230;<\/p>\t\t\t\t\t\t\t\t<\/div>\n\t\t\t\t<\/div>\n\t\t\t\t<div class=\"elementor-element elementor-element-af0b62f elementor-widget elementor-widget-text-editor\" data-id=\"af0b62f\" data-element_type=\"widget\" data-e-type=\"widget\" data-widget_type=\"text-editor.default\">\n\t\t\t\t<div class=\"elementor-widget-container\">\n\t\t\t\t\t\t\t\t\t<p>1. Primul pas \u0219i cel mai important deja l-ai f\u0103cut: te-ai hot\u0103r\u00e2t s\u0103 \u00eencepi o carier\u0103 nou\u0103 \u00een sistemul public de ap\u0103rare, ordine public\u0103 \u015fi siguran\u021b\u0103 na\u0163ional\u0103. Probabil ai ales \u0219i domeniul specializat. Acum trebuie s\u0103 alegi \u0219coala pe care o vei urma. Pentru a-\u021bi u\u0219ura alegerea, am f\u0103cut o scurt\u0103 prezentare a institu\u021biilor de \u00eenv\u0103\u021b\u0103m\u00e2nt specializate. O g\u0103se\u0219ti <a href=\"https:\/\/eadmitere.ro\/politie\/prezentarea-academiei-de-politie-alexandru-ioan-cuza-facultatea-de-politie\/\"><span class=\"tooltip\">aici<\/span><\/a>. Mai multe detalii po\u021bi afla vizit\u00e2nd site-urile institu\u021biilor respective.<\/p><p>2. Consult\u0103 tematica \u0219i bibliografia recomandat\u0103, de c\u0103tre fiecare unitate de \u00eenv\u0103\u021b\u0103m\u00e2nt \u00een parte, pentru concursul de admitere, sesiunea 2026. \u0218i aici am venit \u00een ajutorul t\u0103u cu prezentarea acestora. G\u0103se\u0219ti totul chiar <a href=\"https:\/\/eadmitere.ro\/politie\/tematica-si-bibliografie\/\"><span class=\"tooltip\">aici<\/span><\/a>.<\/p><p>3. \u00cenva\u021b\u0103, \u00eenva\u021b\u0103 \u0219i iar&#8230; \u00eenva\u021b\u0103. Aici nu te putem ajuta. Nimeni nu poate \u00eenv\u0103\u021ba \u00een locul t\u0103u. Dar te putem ajuta cu un sfat: indiferent dac\u0103 alegi s\u0103 \u00eenve\u021bi singur sau sus\u021binut de un meditator, trateaz\u0103 lucrurile ca \u0219i cum de aceasta ar depinde succesul t\u0103u \u00een via\u021b\u0103. Adev\u0103rul e c\u0103&#8230; depinde&#8230;<\/p><p>4. Verific\u0103-\u021bi cuno\u0219tin\u021bele acumulate folosind testele noastre online. Sunt serioase \u0219i au la baz\u0103 fix 14.872 subiecte, majoritatea folosite \u00een anii anteriori. Nu sunt scumpe \u0219i, dac\u0103 ai r\u0103bdare, po\u021bi r\u0103spunde la toate \u00eentreb\u0103rile. De c\u00e2te ori vrei tu. Nu l\u0103sa pe ultima 100 de metri. Trebuie s\u0103 fie o activitate permanent\u0103. \u00cen felul acesta va cre\u0219te \u0219i \u00eencrederea ta \u00een tine. Oferta o g\u0103se\u0219ti <a href=\"https:\/\/eadmitere.ro\/politie\/#oferta-de-pret\"><span class=\"tooltip\">aici<\/span><\/a>. Bine\u00een\u021beles c\u0103 po\u021bi s\u0103 le \u0219i \u00eencerci. Chiar <a href=\"https:\/\/eadmitere.ro\/politie\/#incearca\"><span class=\"tooltip\">aici<\/span><\/a>.<\/p><p><img decoding=\"async\" class=\"size-full wp-image-2828 alignleft\" src=\"https:\/\/eadmitere.ro\/politie\/wp-content\/uploads\/2022\/12\/sugestie.webp\" alt=\"Atentie! Nimic nu se compar\u0103 cu subiectele \u0219i testele pentru admitere \u00een poli\u021bie oferite de noi.\" width=\"56\" height=\"75\" \/><strong>Aten\u021bie!!!<\/strong> \u0218tim c\u0103 unii candida\u021bi \u00eencearc\u0103 s\u0103 \u201eard\u0103 etape&#8221;. Adic\u0103, cred c\u0103 pot \u00eenv\u0103\u021ba numai parcurg\u00e2nd chestionare. Uneori poate da rezultate. Doar&#8230; uneori. Nu te l\u0103sa p\u0103c\u0103lit. Nu este calea cea bun\u0103. Sper\u0103m s\u0103 nu fie cazul t\u0103u. Dac\u0103 totu\u0219i se \u00eent\u00e2mpl\u0103, cite\u0219te punctul 3.<\/p><p>5. A venit ziua cea mare. \u00cencepe sesiunea de concurs. Nu-\u021bi face griji inutile. E\u0219ti preg\u0103tit. Trebuie doar s\u0103 ai \u00eencredere \u00een tine, s\u0103 nu ui\u021bi actul de identitate, s\u0103 fii odihnit \u0219i&#8230; s\u0103 ajungi la timp. Noi avem \u00eencredere \u00een tine. Dup\u0103 ce vezi rezultatele, las\u0103-ne \u0219i nou\u0103 o recenzie <a href=\"https:\/\/eadmitere.ro\/politie\/castiga-un-bonus\/#bonus-comentariu-distribuire\"><span class=\"tooltip\">aici<\/span><\/a>. \u00cei aju\u021bi pe viitorii t\u0103i colegi. Poate \u0219i pe tine te-a ajutat cineva.<\/p><p style=\"text-align: center;\"><strong>M U L T\u00a0\u00a0\u00a0 S U C C E S ! ! !<\/strong><\/p>\t\t\t\t\t\t\t\t<\/div>\n\t\t\t\t<\/div>\n\t\t\t\t\t<\/div>\n\t\t<\/div>\n\t\t\t\t\t<\/div>\n\t\t<\/section>\n\t\t\t\t<\/div>\n\t\t","protected":false},"excerpt":{"rendered":"<p>\u00cenva\u021b\u0103 cum s\u0103 ai succes la admitere Ne bucur\u0103m c\u0103 ai ales s\u0103 \u00eencepi o carier\u0103 nou\u0103. Ai f\u0103cut o alegere \u00een\u021beleapt\u0103! Suntem al\u0103turi de tine \u0219i te ajut\u0103m s\u0103 \u00eenve\u021bi cum s\u0103 \u00eenve\u021bi. \u0218i mai ales, cum s\u0103 \u00eenve\u021bi f\u0103r\u0103 s\u0103-\u021bi risipe\u0219ti banii. Poate chiar f\u0103r\u0103 medita\u021bii. F\u0103r\u0103 profesori scumpi. Nu trebuie s\u0103 ne [&hellip;]<\/p>\n","protected":false},"author":1,"featured_media":0,"parent":0,"menu_order":0,"comment_status":"closed","ping_status":"closed","template":"","meta":{"_seopress_robots_primary_cat":"","_seopress_titles_title":"\u00cenva\u021b\u0103 cum s\u0103 ai succes la admitere. Mici trucuri \u0219i ceva sfaturi","_seopress_titles_desc":"Suntem al\u0103turi de tine \u0219i te ajut\u0103m s\u0103 \u00eenve\u021bi cum s\u0103 \u00eenve\u021bi. \u0218i mai ales, cum s\u0103 \u00eenve\u021bi f\u0103r\u0103 s\u0103-\u021bi risipe\u0219ti banii. Poate chiar f\u0103r\u0103 medita\u021bii. Simplu \u0219i ieftin","_seopress_robots_index":"","inline_featured_image":false,"footnotes":""},"class_list":["post-4368","page","type-page","status-publish","hentry"],"_links":{"self":[{"href":"https:\/\/eadmitere.ro\/politie\/wp-json\/wp\/v2\/pages\/4368","targetHints":{"allow":["GET"]}}],"collection":[{"href":"https:\/\/eadmitere.ro\/politie\/wp-json\/wp\/v2\/pages"}],"about":[{"href":"https:\/\/eadmitere.ro\/politie\/wp-json\/wp\/v2\/types\/page"}],"author":[{"embeddable":true,"href":"https:\/\/eadmitere.ro\/politie\/wp-json\/wp\/v2\/users\/1"}],"replies":[{"embeddable":true,"href":"https:\/\/eadmitere.ro\/politie\/wp-json\/wp\/v2\/comments?post=4368"}],"version-history":[{"count":0,"href":"https:\/\/eadmitere.ro\/politie\/wp-json\/wp\/v2\/pages\/4368\/revisions"}],"wp:attachment":[{"href":"https:\/\/eadmitere.ro\/politie\/wp-json\/wp\/v2\/media?parent=4368"}],"curies":[{"name":"wp","href":"https:\/\/api.w.org\/{rel}","templated":true}]}}