{"id":20,"date":"2022-10-25T08:11:10","date_gmt":"2022-10-25T05:11:10","guid":{"rendered":"http:\/\/eadmitere.ro\/teste-politie\/?page_id=20"},"modified":"2025-10-16T19:13:27","modified_gmt":"2025-10-16T16:13:27","slug":"login","status":"publish","type":"page","link":"https:\/\/eadmitere.ro\/teste-politie\/login\/","title":{"rendered":"Login"},"content":{"rendered":"\t\t<div data-elementor-type=\"wp-page\" data-elementor-id=\"20\" class=\"elementor elementor-20\" data-elementor-post-type=\"page\">\n\t\t\t\t\t\t<section class=\"elementor-section elementor-top-section elementor-element elementor-element-0ee52eb elementor-section-full_width elementor-section-height-full elementor-section-content-middle elementor-hidden-mobile elementor-section-height-default elementor-section-items-middle elementor-invisible\" data-id=\"0ee52eb\" data-element_type=\"section\" data-e-type=\"section\" data-settings=\"{&quot;animation&quot;:&quot;fadeIn&quot;}\">\n\t\t\t\t\t\t<div class=\"elementor-container elementor-column-gap-no\">\n\t\t\t\t\t<div class=\"elementor-column elementor-col-100 elementor-top-column elementor-element elementor-element-ff2e832\" data-id=\"ff2e832\" data-element_type=\"column\" data-e-type=\"column\">\n\t\t\t<div class=\"elementor-widget-wrap elementor-element-populated\">\n\t\t\t\t\t\t<section class=\"elementor-section elementor-inner-section elementor-element elementor-element-38b402f elementor-section-full_width elementor-section-height-full elementor-section-height-default\" data-id=\"38b402f\" data-element_type=\"section\" data-e-type=\"section\">\n\t\t\t\t\t\t<div class=\"elementor-container elementor-column-gap-no\">\n\t\t\t\t\t<div class=\"elementor-column elementor-col-50 elementor-inner-column elementor-element elementor-element-2f43fe4\" data-id=\"2f43fe4\" data-element_type=\"column\" data-e-type=\"column\">\n\t\t\t<div class=\"elementor-widget-wrap elementor-element-populated\">\n\t\t\t\t\t\t<div class=\"elementor-element elementor-element-94e06d0 elementor--h-position-center elementor--v-position-middle elementor-widget elementor-widget-slides\" data-id=\"94e06d0\" data-element_type=\"widget\" data-e-type=\"widget\" data-settings=\"{&quot;navigation&quot;:&quot;none&quot;,&quot;transition&quot;:&quot;fade&quot;,&quot;transition_speed&quot;:2000,&quot;autoplay&quot;:&quot;yes&quot;,&quot;autoplay_speed&quot;:5000,&quot;infinite&quot;:&quot;yes&quot;}\" data-widget_type=\"slides.default\">\n\t\t\t\t<div class=\"elementor-widget-container\">\n\t\t\t\t\t\t\t\t\t<div class=\"elementor-swiper\">\n\t\t\t\t\t<div class=\"elementor-slides-wrapper elementor-main-swiper swiper\" role=\"region\" aria-roledescription=\"carousel\" aria-label=\"Slides\" dir=\"ltr\" data-animation=\"\">\n\t\t\t\t<div class=\"swiper-wrapper elementor-slides\">\n\t\t\t\t\t\t\t\t\t\t<div class=\"elementor-repeater-item-065e7b1 swiper-slide\" role=\"group\" aria-roledescription=\"slide\"><div class=\"swiper-slide-bg\" role=\"img\" aria-label=\"PUBLISIND o federa\u021bie sindical\u0103 care reprezint\u0103 toate categoriile de salaria\u021bi care \u00eendeplinesc serviciul public. Are ca membri sindicate care ap\u0103r\u0103 drepturile salaria\u021bilor din Poli\u021bie, Poli\u021bia de Frontier\u0103 sau Poli\u021bia Penitenciar\u0103.\"><\/div><a class=\"swiper-slide-inner\" href=\"https:\/\/publisind.ro\/\" target=\"_blank\"><div class=\"swiper-slide-contents\"><\/div><\/a><\/div><div class=\"elementor-repeater-item-f049541 swiper-slide\" role=\"group\" aria-roledescription=\"slide\"><div class=\"swiper-slide-bg\" role=\"img\" aria-label=\"Sindicatul Poli\u021bi\u0219tilor Europeni EUROPOL este cel mai dinamic sindicat din cadrul Ministerului Administra\u021biei \u0219i Internelor - MAI. Are membri din structurile specifice poli\u021biei: administra\u021bie, ordine public\u0103 sau ap\u0103rare a frontierelor.\"><\/div><a class=\"swiper-slide-inner\" href=\"https:\/\/sindicateuropol.ro\/\" target=\"_blank\"><div class=\"swiper-slide-contents\"><\/div><\/a><\/div><div class=\"elementor-repeater-item-b33ee5f swiper-slide\" role=\"group\" aria-roledescription=\"slide\"><div class=\"swiper-slide-bg\" role=\"img\" aria-label=\"PUBLISIND o federa\u021bie sindical\u0103 care reprezint\u0103 toate categoriile de salaria\u021bi care \u00eendeplinesc serviciul public. Are ca membri sindicate care ap\u0103r\u0103 drepturile salaria\u021bilor din Poli\u021bie, Poli\u021bia de Frontier\u0103 sau Poli\u021bia Penitenciar\u0103.\"><\/div><a class=\"swiper-slide-inner\" href=\"https:\/\/publisind.ro\/\" target=\"_blank\"><div class=\"swiper-slide-contents\"><\/div><\/a><\/div><div class=\"elementor-repeater-item-e9aa7c0 swiper-slide\" role=\"group\" aria-roledescription=\"slide\"><div class=\"swiper-slide-bg\" role=\"img\" aria-label=\"Sindicatul Na\u021bional al Poli\u021bi\u0219tilor de Penitenciare - SNPP este cel mai mare sindicat din cadrul Administra\u021biei Na\u021bionale a Penitenciarelor - ANP. Lupt\u0103 pentru ap\u0103rarea drepturilor poli\u021bi\u0219tilor de penitenciare.\"><\/div><a class=\"swiper-slide-inner\" href=\"https:\/\/snpp.ro\/\" target=\"_blank\"><div class=\"swiper-slide-contents\"><\/div><\/a><\/div>\t\t\t\t<\/div>\n\t\t\t\t\t\t\t\t\t\t\t\t\t\t\t\t\t\t\t\t\t<\/div>\n\t\t\t\t<\/div>\n\t\t\t\t\t\t\t\t<\/div>\n\t\t\t\t<\/div>\n\t\t\t\t<div class=\"elementor-element elementor-element-1e4b83b elementor-widget elementor-widget-heading\" data-id=\"1e4b83b\" data-element_type=\"widget\" data-e-type=\"widget\" data-widget_type=\"heading.default\">\n\t\t\t\t<div class=\"elementor-widget-container\">\n\t\t\t\t\t<h2 class=\"elementor-heading-title elementor-size-default\">Conecteaz\u0103-te la contul t\u0103u!<\/h2>\t\t\t\t<\/div>\n\t\t\t\t<\/div>\n\t\t\t\t<div class=\"elementor-element elementor-element-53ae1b0 elementor-button-align-stretch elementor-widget elementor-widget-form\" data-id=\"53ae1b0\" data-element_type=\"widget\" data-e-type=\"widget\" data-settings=\"{&quot;step_next_label&quot;:&quot;Next&quot;,&quot;step_previous_label&quot;:&quot;Previous&quot;,&quot;button_width&quot;:&quot;100&quot;,&quot;step_type&quot;:&quot;number_text&quot;,&quot;step_icon_shape&quot;:&quot;circle&quot;}\" data-widget_type=\"form.default\">\n\t\t\t\t<div class=\"elementor-widget-container\">\n\t\t\t\t\t\t\t<form class=\"elementor-form\" method=\"post\" id=\"id_login\" name=\"Login form\" aria-label=\"Login form\">\n\t\t\t<input type=\"hidden\" name=\"post_id\" value=\"20\"\/>\n\t\t\t<input type=\"hidden\" name=\"form_id\" value=\"53ae1b0\"\/>\n\t\t\t<input type=\"hidden\" name=\"referer_title\" value=\"\" \/>\n\n\t\t\t\n\t\t\t<div class=\"elementor-form-fields-wrapper elementor-labels-\">\n\t\t\t\t\t\t\t\t<div class=\"elementor-field-type-email elementor-field-group elementor-column elementor-field-group-email elementor-repeater-item-3343893 elementor-col-100 elementor-field-required\">\n\t\t\t\t\t\t\t\t\t\t\t\t<label for=\"form-field-email\" class=\"elementor-field-label elementor-screen-only\">\n\t\t\t\t\t\t\t\tEmail\t\t\t\t\t\t\t<\/label>\n\t\t\t\t\t\t\t\t\t\t\t\t\t\t<input size=\"1\" type=\"email\" name=\"form_fields[email]\" id=\"form-field-email\" class=\"elementor-field elementor-size-sm  elementor-field-textual\" placeholder=\"Email-ul t\u0103u\" required=\"required\">\n\t\t\t\t\t\t\t\t\t\t\t<\/div>\n\t\t\t\t\t\t\t\t<div class=\"elementor-field-type-password elementor-field-group elementor-column elementor-field-group-pwd elementor-repeater-item-e724c12 elementor-col-100 elementor-field-required\">\n\t\t\t\t\t\t\t\t\t\t\t\t<label for=\"form-field-pwd\" class=\"elementor-field-label elementor-screen-only\">\n\t\t\t\t\t\t\t\tParola\t\t\t\t\t\t\t<\/label>\n\t\t\t\t\t\t\t\t\t\t\t\t\t\t<div class=\"elementor-field-input-wrapper elementor-field-input-wrapper-pwd\"><input size=\"1\" type=\"password\" name=\"form_fields[pwd]\" id=\"form-field-pwd\" class=\"elementor-field elementor-size-sm  elementor-field-textual\" placeholder=\"Parola ta\" required=\"required\"><span class=\"eicon-preview-medium e-toggle-password\"><\/span><\/div>\n\t\t\t\t\t\t\t\t\t\t\t<\/div>\n\t\t\t\t\t\t\t\t<div class=\"elementor-field-type-text\">\n\t\t\t\t\t<input size=\"1\" type=\"text\" name=\"form_fields[URL]\" id=\"form-field-URL\" class=\"elementor-field elementor-size-sm \" style=\"display:none !important;\">\t\t\t\t<\/div>\n\t\t\t\t\t\t\t\t<div class=\"elementor-field-type-acceptance elementor-field-group elementor-column elementor-field-group-rememberme elementor-control-type-switcher e-add-switcher-control elementor-repeater-item-0369a2c elementor-col-100\">\n\t\t\t\t\t\t\t\t\t\t\t\t<label for=\"form-field-rememberme\" class=\"elementor-field-label elementor-screen-only\">\n\t\t\t\t\t\t\t\tTine-ma minte\t\t\t\t\t\t\t<\/label>\n\t\t\t\t\t\t\t\t<div class=\"elementor-field-subgroup\">\n\t\t\t<span class=\"elementor-field-option\">\n\t\t\t\t<label class=\"elementor-switch elementor-control-unit-2\"><input type=\"checkbox\" name=\"form_fields[rememberme]\" id=\"form-field-rememberme\" class=\"elementor-field elementor-size-sm elementor-switch-input  elementor-acceptance-field\"><span class=\"elementor-switch-label\" data-on=\"Da\" data-off=\"Nu\"><\/span><span class=\"elementor-switch-handle\"><\/span><\/label>\n\t\t\t\t<label for=\"form-field-rememberme\">\u021aine-m\u0103 minte pentru utiliz\u0103ri ulterioare<\/label>\t\t\t<\/span>\n\t\t<\/div>\n\t\t\t\t\t\t<\/div>\n\t\t\t\t\t\t\t\t<div class=\"elementor-field-type-recaptcha_v3 elementor-field-group elementor-column elementor-field-group-field_8a53c66 elementor-repeater-item-8a53c66 elementor-col-100 recaptcha_v3-bottomleft\">\n\t\t\t\t\t<div class=\"elementor-field\" id=\"form-field-field_8a53c66\"><div class=\"elementor-g-recaptcha\" data-sitekey=\"6LdvrXMlAAAAAEQ4wd8sS1ho4NUo9qUAT_Lxka8W\" data-type=\"v3\" data-action=\"Form\" data-badge=\"bottomleft\" data-size=\"invisible\"><\/div><\/div>\t\t\t\t<\/div>\n\t\t\t\t\t\t\t\t<div class=\"elementor-field-group elementor-column elementor-field-type-submit elementor-col-100 e-form__buttons\">\n\t\t\t\t\t<button class=\"elementor-button elementor-size-sm\" type=\"submit\">\n\t\t\t\t\t\t<span class=\"elementor-button-content-wrapper\">\n\t\t\t\t\t\t\t\t\t\t\t\t\t\t\t\t\t\t\t\t\t\t<span class=\"elementor-button-text\">Acceseaz\u0103<\/span>\n\t\t\t\t\t\t\t\t\t\t\t\t\t<\/span>\n\t\t\t\t\t<\/button>\n\t\t\t\t<\/div>\n\t\t\t<\/div>\n\t\t<\/form>\n\t\t\t\t\t\t<\/div>\n\t\t\t\t<\/div>\n\t\t\t\t<div class=\"elementor-hidden e-display-original-content elementor-element elementor-element-d6333cc elementor-widget elementor-widget-image\" style=\"display:none\" data-id=\"d6333cc\" data-element_type=\"widget\" data-e-type=\"widget\" id=\"loading\" data-widget_type=\"image.default\">\n\t\t\t\t<div class=\"elementor-widget-container\">\n\t\t\t\t\t\t\t\t\t\t\t\t\t\t\t<img decoding=\"async\" width=\"64\" height=\"64\" src=\"https:\/\/eadmitere.ro\/teste-politie\/wp-content\/uploads\/2023\/03\/progress.svg\" class=\"attachment-full size-full wp-image-15361\" alt=\"\" loading=\"eager\" \/>\t\t\t\t\t\t\t\t\t\t\t\t\t\t\t<\/div>\n\t\t\t\t<\/div>\n\t\t\t\t<section class=\"elementor-section elementor-inner-section elementor-element elementor-element-fa82732 elementor-section-full_width elementor-section-height-default elementor-section-height-default\" data-id=\"fa82732\" data-element_type=\"section\" data-e-type=\"section\">\n\t\t\t\t\t\t<div class=\"elementor-container elementor-column-gap-no\">\n\t\t\t\t\t<div class=\"elementor-column elementor-col-50 elementor-inner-column elementor-element elementor-element-5788bd5\" data-id=\"5788bd5\" data-element_type=\"column\" data-e-type=\"column\">\n\t\t\t<div class=\"elementor-widget-wrap elementor-element-populated\">\n\t\t\t\t\t\t<div class=\"elementor-element elementor-element-a60803e elementor-align-justify elementor-widget elementor-widget-button\" data-id=\"a60803e\" data-element_type=\"widget\" data-e-type=\"widget\" id=\"renunta\" data-widget_type=\"button.default\">\n\t\t\t\t<div class=\"elementor-widget-container\">\n\t\t\t\t\t\t\t\t\t<div class=\"elementor-button-wrapper\">\n\t\t\t\t\t<a class=\"elementor-button elementor-button-link elementor-size-sm\" href=\"https:\/\/eadmitere.ro\/politie\/\" id=\"btn_login\">\n\t\t\t\t\t\t<span class=\"elementor-button-content-wrapper\">\n\t\t\t\t\t\t\t\t\t<span class=\"elementor-button-text\">Renun\u021b\u0103<\/span>\n\t\t\t\t\t<\/span>\n\t\t\t\t\t<\/a>\n\t\t\t\t<\/div>\n\t\t\t\t\t\t\t\t<\/div>\n\t\t\t\t<\/div>\n\t\t\t\t\t<\/div>\n\t\t<\/div>\n\t\t\t\t<div class=\"elementor-column elementor-col-50 elementor-inner-column elementor-element elementor-element-6dbc333\" data-id=\"6dbc333\" data-element_type=\"column\" data-e-type=\"column\">\n\t\t\t<div class=\"elementor-widget-wrap elementor-element-populated\">\n\t\t\t\t\t\t<div class=\"elementor-element elementor-element-47eade1 elementor-align-justify elementor-widget elementor-widget-button\" data-id=\"47eade1\" data-element_type=\"widget\" data-e-type=\"widget\" data-widget_type=\"button.default\">\n\t\t\t\t<div class=\"elementor-widget-container\">\n\t\t\t\t\t\t\t\t\t<div class=\"elementor-button-wrapper\">\n\t\t\t\t\t<a class=\"elementor-button elementor-button-link elementor-size-sm\" href=\"https:\/\/eadmitere.ro\/teste-politie\/register\/\" id=\"btn_login\">\n\t\t\t\t\t\t<span class=\"elementor-button-content-wrapper\">\n\t\t\t\t\t\t\t\t\t<span class=\"elementor-button-text\">Creeaz\u0103 cont<\/span>\n\t\t\t\t\t<\/span>\n\t\t\t\t\t<\/a>\n\t\t\t\t<\/div>\n\t\t\t\t\t\t\t\t<\/div>\n\t\t\t\t<\/div>\n\t\t\t\t\t<\/div>\n\t\t<\/div>\n\t\t\t\t\t<\/div>\n\t\t<\/section>\n\t\t\t\t<div class=\"elementor-element elementor-element-08ab0b2 elementor-align-right elementor-widget elementor-widget-button\" data-id=\"08ab0b2\" data-element_type=\"widget\" data-e-type=\"widget\" data-widget_type=\"button.default\">\n\t\t\t\t<div class=\"elementor-widget-container\">\n\t\t\t\t\t\t\t\t\t<div class=\"elementor-button-wrapper\">\n\t\t\t\t\t<a class=\"elementor-button elementor-button-link elementor-size-sm elementor-animation-shrink\" href=\"https:\/\/eadmitere.ro\/teste-politie\/password-recovery\/\" id=\"btn_lost_password\">\n\t\t\t\t\t\t<span class=\"elementor-button-content-wrapper\">\n\t\t\t\t\t\t\t\t\t<span class=\"elementor-button-text\">Ai uitat parola?<\/span>\n\t\t\t\t\t<\/span>\n\t\t\t\t\t<\/a>\n\t\t\t\t<\/div>\n\t\t\t\t\t\t\t\t<\/div>\n\t\t\t\t<\/div>\n\t\t\t\t\t<\/div>\n\t\t<\/div>\n\t\t\t\t<div class=\"elementor-column elementor-col-50 elementor-inner-column elementor-element elementor-element-a0663ac\" data-id=\"a0663ac\" data-element_type=\"column\" data-e-type=\"column\">\n\t\t\t<div class=\"elementor-widget-wrap elementor-element-populated\">\n\t\t\t\t\t\t<div class=\"elementor-element elementor-element-ba25944 elementor--h-position-center elementor--v-position-middle elementor-widget elementor-widget-slides\" data-id=\"ba25944\" data-element_type=\"widget\" data-e-type=\"widget\" data-settings=\"{&quot;navigation&quot;:&quot;none&quot;,&quot;transition&quot;:&quot;fade&quot;,&quot;transition_speed&quot;:1000,&quot;autoplay_speed&quot;:7500,&quot;autoplay&quot;:&quot;yes&quot;,&quot;pause_on_hover&quot;:&quot;yes&quot;,&quot;pause_on_interaction&quot;:&quot;yes&quot;,&quot;infinite&quot;:&quot;yes&quot;}\" data-widget_type=\"slides.default\">\n\t\t\t\t<div class=\"elementor-widget-container\">\n\t\t\t\t\t\t\t\t\t<div class=\"elementor-swiper\">\n\t\t\t\t\t<div class=\"elementor-slides-wrapper elementor-main-swiper swiper\" role=\"region\" aria-roledescription=\"carousel\" aria-label=\"Slides\" dir=\"ltr\" data-animation=\"zoomIn\">\n\t\t\t\t<div class=\"swiper-wrapper elementor-slides\">\n\t\t\t\t\t\t\t\t\t\t<div class=\"elementor-repeater-item-42623a4 swiper-slide\" role=\"group\" aria-roledescription=\"slide\"><div class=\"swiper-slide-bg elementor-ken-burns elementor-ken-burns--out\" role=\"img\" aria-label=\"Academia de Poli\u0163ie \u201eAlexandru Ioan Cuza\u201d - Facultatea de Poli\u021bie, \u015ecoala de Agen\u0163i de Poli\u0163ie \u201eSeptimiu Mure\u015fan\u201d - Cluj Napoca sau \u015ecoala de Agen\u0163i de Poli\u0163ie \u201eVasile Lasc\u0103r\u201d - C\u00e2mpina te ajut\u0103 s\u0103 ob\u021bii calificarea necesar\u0103 practic\u0103rii meseriei de poli\u021bist. eAdmitere.ro te ajut\u0103 s\u0103 te preg\u0103te\u0219ti pentru admitere. \u00ce\u021bi punem la dispozi\u021bie teste \u0219i subiecte folosite \u00een sesiunile anterioare la pre\u021buri corecte. Po\u021bi s\u0103 \u00eencerci teste gratis.\"><\/div><div class=\"swiper-slide-inner\" ><div class=\"swiper-slide-contents\"><div class=\"elementor-slide-heading\">Poli\u021bie<\/div><div class=\"elementor-slide-description\">Vrei s\u0103 ai o meserie pus\u0103 \u00een slujba cet\u0103\u021beanului? Suntem aici. \u00ce\u021bi oferim acces la <b>subiecte reale<\/b> cu care s-au confruntat candida\u021bii din anii trecu\u021bi.<\/div><\/div><\/div><\/div><div class=\"elementor-repeater-item-1cb1955 swiper-slide\" role=\"group\" aria-roledescription=\"slide\"><div class=\"swiper-slide-bg elementor-ken-burns elementor-ken-burns--in\" role=\"img\" aria-label=\"Po\u021bi \u00eencepe o carier\u0103 ca \u0219i poli\u021bist de frontier\u0103 dac\u0103 urmezi cursurile oferite de Academia de Poli\u0163ie \u201eAlexandru Ioan Cuza\u201d \u2013 Facultatea de Poli\u021bie sau \u015ecoala de Preg\u0103tire a Agen\u0163ilor Poli\u0163iei de Frontier\u0103 \u201eAvram Iancu\u201d - Oradea. Noi \u00ee\u021bi oferim cea mai complet\u0103 gam\u0103 de teste pentru admitere la pre\u021buri mici sau foarte mici. Po\u021bi s\u0103 \u00eencerci testele chiar gratis.\"><\/div><div class=\"swiper-slide-inner\" ><div class=\"swiper-slide-contents\"><div class=\"elementor-slide-heading\">Poli\u021bia de frontier\u0103<\/div><div class=\"elementor-slide-description\">Vrei s\u0103 protejezi lini\u0219tea celor dragi? Frontierele \u021b\u0103rii sunt limita. Vino al\u0103turi al\u0103turi de noi! Fii curajos! <\/div><\/div><\/div><\/div><div class=\"elementor-repeater-item-647affa swiper-slide\" role=\"group\" aria-roledescription=\"slide\"><div class=\"swiper-slide-bg elementor-ken-burns elementor-ken-burns--out\" role=\"img\" aria-label=\"Preg\u0103tirea pentru meseria de poli\u021bist de penitenciare o po\u021bi dob\u00e2ndi urm\u00e2nd cursurile oferite de Academia de Poli\u0163ie \u201eAlexandru Ioan Cuza\u201d - Facultatea de Poli\u021bie, pentru ofi\u021beri de penitenciare, sau \u015ecoala Na\u0163ional\u0103 de Preg\u0103tire a Agen\u0163ilor de Penitenciare - T\u00e2rgu Ocna. Pe eAdmitere.ro g\u0103se\u0219ti teste gratuite pentru admitere.\"><\/div><div class=\"swiper-slide-inner\" ><div class=\"swiper-slide-contents\"><div class=\"elementor-slide-heading\">Poli\u021bia penitenciar\u0103<\/div><div class=\"elementor-slide-description\">Alege una dintre cele mai complexe meserii din sistemul de ordine public\u0103 \u0219i siguran\u021b\u0103 na\u021bional\u0103! Fii colegul nostru!<\/div><\/div><\/div><\/div><div class=\"elementor-repeater-item-efaccd7 swiper-slide\" role=\"group\" aria-roledescription=\"slide\"><div class=\"swiper-slide-bg elementor-ken-burns elementor-ken-burns--in\" role=\"img\" aria-label=\"Preg\u0103tirea pentru meseria de jandarm o faci urm\u00e2nd cursurile oferite de Academia de Poli\u0163ie \u201eAlexandru Ioan Cuza\u201d - Facultatea de Poli\u021bie, \u015ecoala Militar\u0103 de Subofi\u0163eri de Jandarmi \u201eGrigore Alexandru Ghica\u201d - Dr\u0103g\u0103\u015fani sau \u015ecoala Militar\u0103 de Subofi\u0163eri Jandarmi \u201ePetru Rare\u0219\u201d - F\u0103lticeni. La noi g\u0103se\u0219ti cea mai complet\u0103 ofert\u0103 de teste pentru admitere. Totul foarte ieftin. Dar de calitate.\"><\/div><div class=\"swiper-slide-inner\" ><div class=\"swiper-slide-contents\"><div class=\"elementor-slide-heading\">Jandarmi<\/div><div class=\"elementor-slide-description\">\u00ce\u021bi place uniforma militar\u0103? Vrei s\u0103 faci o carier\u0103 \u00eentr-o meserie care protejeaz\u0103 ordinea public\u0103? Te ajut\u0103m s\u0103-\u021bi \u00eempline\u0219ti visele.<\/div><\/div><\/div><\/div><div class=\"elementor-repeater-item-8520761 swiper-slide\" role=\"group\" aria-roledescription=\"slide\"><div class=\"swiper-slide-bg elementor-ken-burns elementor-ken-burns--out\" role=\"img\" aria-label=\"Preg\u0103tirea pentru profesia de pompier se face prin Facultatea de Pompieri din cadrul Academiei de Poli\u021bie, pentru ofi\u021beri, sau \u015ecoala de Subofi\u0163eri Pompieri \u015fi Protec\u0163ie Civil\u0103 \u201ePavel Z\u0103g\u0103nescu\u201d - Bolde\u015fti. Preg\u0103tirea pentru admitere po\u021bi s\u0103 o faci pe eAdmitere.ro. Aici g\u0103se\u0219ti testele de matematic\u0103 \u0219i fizic\u0103 de care ai nevoie.\"><\/div><div class=\"swiper-slide-inner\" ><div class=\"swiper-slide-contents\"><div class=\"elementor-slide-heading\">Pompieri<\/div><div class=\"elementor-slide-description\">Vrei s\u0103 faci parte din r\u00e2ndul colegilor care au una dintre cele mai respectate meserii din \u021bar\u0103? Nu este a\u0219a de greu. Noi te ajut\u0103m!<\/div><\/div><\/div><\/div>\t\t\t\t<\/div>\n\t\t\t\t\t\t\t\t\t\t\t\t\t\t\t\t\t\t\t\t\t<\/div>\n\t\t\t\t<\/div>\n\t\t\t\t\t\t\t\t<\/div>\n\t\t\t\t<\/div>\n\t\t\t\t\t<\/div>\n\t\t<\/div>\n\t\t\t\t\t<\/div>\n\t\t<\/section>\n\t\t\t\t\t<\/div>\n\t\t<\/div>\n\t\t\t\t\t<\/div>\n\t\t<\/section>\n\t\t\t\t<\/div>\n\t\t","protected":false},"excerpt":{"rendered":"<p>Conecteaz\u0103-te la contul t\u0103u! Renun\u021b\u0103 Creeaz\u0103 cont Ai uitat parola? Poli\u021bieVrei s\u0103 ai o meserie pus\u0103 \u00een slujba cet\u0103\u021beanului? Suntem aici. \u00ce\u021bi oferim acces la subiecte reale cu care s-au confruntat candida\u021bii din anii trecu\u021bi.Poli\u021bia de frontier\u0103Vrei s\u0103 protejezi lini\u0219tea celor dragi? Frontierele \u021b\u0103rii sunt limita. Vino al\u0103turi al\u0103turi de noi! Fii curajos! Poli\u021bia penitenciar\u0103Alege [&hellip;]<\/p>\n","protected":false},"author":2,"featured_media":0,"parent":0,"menu_order":0,"comment_status":"closed","ping_status":"closed","template":"elementor_canvas","meta":{"_acf_changed":false,"inline_featured_image":false,"footnotes":""},"class_list":["post-20","page","type-page","status-publish","hentry"],"acf":[],"_links":{"self":[{"href":"https:\/\/eadmitere.ro\/teste-politie\/wp-json\/wp\/v2\/pages\/20","targetHints":{"allow":["GET"]}}],"collection":[{"href":"https:\/\/eadmitere.ro\/teste-politie\/wp-json\/wp\/v2\/pages"}],"about":[{"href":"https:\/\/eadmitere.ro\/teste-politie\/wp-json\/wp\/v2\/types\/page"}],"author":[{"embeddable":true,"href":"https:\/\/eadmitere.ro\/teste-politie\/wp-json\/wp\/v2\/users\/2"}],"replies":[{"embeddable":true,"href":"https:\/\/eadmitere.ro\/teste-politie\/wp-json\/wp\/v2\/comments?post=20"}],"version-history":[{"count":6,"href":"https:\/\/eadmitere.ro\/teste-politie\/wp-json\/wp\/v2\/pages\/20\/revisions"}],"predecessor-version":[{"id":20843,"href":"https:\/\/eadmitere.ro\/teste-politie\/wp-json\/wp\/v2\/pages\/20\/revisions\/20843"}],"wp:attachment":[{"href":"https:\/\/eadmitere.ro\/teste-politie\/wp-json\/wp\/v2\/media?parent=20"}],"curies":[{"name":"wp","href":"https:\/\/api.w.org\/{rel}","templated":true}]}}